{"id":51590,"date":"2022-03-10T08:46:10","date_gmt":"2022-03-10T08:46:10","guid":{"rendered":"https:\/\/dev.casa-kraus.ro\/camere\/"},"modified":"2022-03-10T20:23:59","modified_gmt":"2022-03-10T20:23:59","slug":"camere","status":"publish","type":"page","link":"https:\/\/dev.casa-kraus.ro\/en\/camere\/","title":{"rendered":"Rooms"},"content":{"rendered":"<p>[vc_row row_type=&#8221;row&#8221; use_row_as_full_screen_section=&#8221;no&#8221; type=&#8221;full_width&#8221; oblique_section=&#8221;no&#8221; text_align=&#8221;left&#8221; css_animation=&#8221;&#8221; box_shadow_on_row=&#8221;no&#8221;][vc_column width=&#8221;1\/2&#8243; css=&#8221;.vc_custom_1646404945384{margin-bottom: 30px !important;}&#8221;]<div class=\"image_with_text left\"><img src=\"https:\/\/dev.casa-kraus.ro\/wp-content\/uploads\/2015\/12\/2015_11_Casa_Kraus_C_Hladi-9847-1.jpg\" alt=\"CASUTA \u2013 SOFIA FOLBERTH\" \/><h2 >CASUTA \u2013 SOFIA FOLBERTH<\/h2><span style=\"margin:0;\" class=\"separator transparent\"><\/span>Apartine de Casa Kraus, insa are o personalitate distincta. Asa poate fi cel mai bine descrisa casuta Sofia Folberth, situata in curtea pensiunii.<\/div><a href=\"https:\/\/dev.casa-kraus.ro\/casuta-sofia-folberth\/\" target=\"_self\"  class=\"qbutton  icon_right\" style=\"border-width: 0px; margin: 5px 0 0 0; \">Show more<\/a>[\/vc_column][vc_column width=&#8221;1\/2&#8243; css=&#8221;.vc_custom_1646404951573{margin-bottom: 30px !important;}&#8221;]<div class=\"image_with_text left\"><img src=\"https:\/\/dev.casa-kraus.ro\/wp-content\/uploads\/2016\/02\/JK-4.jpg\" alt=\"JOHANN KRAUS\" \/><h2 >JOHANN KRAUS<\/h2><span style=\"margin:0;\" class=\"separator transparent\"><\/span>Stiati ca denumirea Casei Kraus vine de la preotul paroh, Johann Kraus, care a stat in casa parohiala, in functie de planurile careia a fost ridicata actuala cladire?<\/div><a href=\"https:\/\/dev.casa-kraus.ro\/camera-3-johann-kraus\/\" target=\"_self\"  class=\"qbutton  icon_right\" style=\"border-width: 0px; margin: 5px 0 0 0; \">Show more<\/a>[\/vc_column][\/vc_row][vc_row row_type=&#8221;row&#8221; use_row_as_full_screen_section=&#8221;no&#8221; type=&#8221;full_width&#8221; oblique_section=&#8221;no&#8221; text_align=&#8221;left&#8221; css_animation=&#8221;&#8221; box_shadow_on_row=&#8221;no&#8221;][vc_column width=&#8221;1\/2&#8243; css=&#8221;.vc_custom_1646404970613{margin-bottom: 30px !important;}&#8221;]<div class=\"image_with_text left\"><img src=\"https:\/\/dev.casa-kraus.ro\/wp-content\/uploads\/2016\/02\/HO-3.jpg\" alt=\"HERMANN OBERTH\" \/><h2 >HERMANN OBERTH<\/h2><span style=\"margin:0;\" class=\"separator transparent\"><\/span>Hermann Oberth s-a nascut intr-o familie saseasca din Transilvania, fiind fascinat de mic de stiinta, astfel ca aceasta camera a fost inspirata de experimentele sale.<\/div><a href=\"https:\/\/dev.casa-kraus.ro\/camera-4-hermann-oberth\/\" target=\"_self\"  class=\"qbutton  icon_right\" style=\"border-width: 0px; margin: 5px 0 0 0; \">Show more<\/a>[\/vc_column][vc_column width=&#8221;1\/2&#8243; css=&#8221;.vc_custom_1646404978706{margin-bottom: 30px !important;}&#8221;]<div class=\"image_with_text left\"><img src=\"https:\/\/dev.casa-kraus.ro\/wp-content\/uploads\/2016\/02\/SB6.jpg\" alt=\"SAMUEL VON BRUCKENTHAL\" \/><h2 >SAMUEL VON BRUCKENTHAL<\/h2><span style=\"margin:0;\" class=\"separator transparent\"><\/span>Guvernator al Transilvaniei, poate una din cele mai importante personalitati ale vietii culturale si politice din zona de vest a tarii.<\/div><a href=\"https:\/\/dev.casa-kraus.ro\/camera-5-samuel-von-bruckenthal\/\" target=\"_self\"  class=\"qbutton  icon_right\" style=\"border-width: 0px; margin: 5px 0 0 0; \">Show more<\/a>[\/vc_column][\/vc_row][vc_row row_type=&#8221;row&#8221; use_row_as_full_screen_section=&#8221;no&#8221; type=&#8221;full_width&#8221; oblique_section=&#8221;no&#8221; text_align=&#8221;left&#8221; css_animation=&#8221;&#8221; box_shadow_on_row=&#8221;no&#8221;][vc_column width=&#8221;1\/2&#8243; css=&#8221;.vc_custom_1646405038846{margin-bottom: 30px !important;}&#8221;]<div class=\"image_with_text left\"><img src=\"https:\/\/dev.casa-kraus.ro\/wp-content\/uploads\/2016\/02\/LR-4.jpg\" alt=\"STEPHAN LUDWIG ROTH\" \/><h2 >STEPHAN LUDWIG ROTH<\/h2><span style=\"margin:0;\" class=\"separator transparent\"><\/span>Ganditor umanist, istoric, profesor si pastor luteran sas din Transilvania, Roth este una dintre figurile active ale intelectualitatii sasesti.<\/div><a href=\"https:\/\/dev.casa-kraus.ro\/camera-6-stephan-ludwig-roth\/\" target=\"_self\"  class=\"qbutton  icon_right\" style=\"border-width: 0px; margin: 5px 0 0 0; \">Show more<\/a>[\/vc_column][vc_column width=&#8221;1\/2&#8243; css=&#8221;.vc_custom_1646405047192{margin-bottom: 30px !important;}&#8221;]<div class=\"image_with_text left\"><img src=\"https:\/\/dev.casa-kraus.ro\/wp-content\/uploads\/2015\/12\/2015_11_Casa_Kraus_C_Hladi-9847-1.jpg\" alt=\"JOHANNES HONTERUS\" \/><h2 >JOHANNES HONTERUS<\/h2><span style=\"margin:0;\" class=\"separator transparent\"><\/span>Reformator religios al sasilor din Transilvania, dar si fondatorul gimnaziului sasesc din din curtea Bisericii Negre din Brasov, si-a dedicat viata educatiei.<\/div><a href=\"https:\/\/dev.casa-kraus.ro\/camera-7-johannes-honterus\/\" target=\"_self\"  class=\"qbutton  icon_right\" style=\"border-width: 0px; margin: 5px 0 0 0; \">Show more<\/a>[\/vc_column][\/vc_row][vc_row row_type=&#8221;row&#8221; use_row_as_full_screen_section=&#8221;no&#8221; type=&#8221;full_width&#8221; oblique_section=&#8221;no&#8221; text_align=&#8221;left&#8221; css_animation=&#8221;&#8221; box_shadow_on_row=&#8221;no&#8221;][vc_column width=&#8221;1\/2&#8243; css=&#8221;.vc_custom_1646405059898{margin-bottom: 30px !important;}&#8221;]<div class=\"image_with_text left\"><img src=\"https:\/\/dev.casa-kraus.ro\/wp-content\/uploads\/2016\/02\/CW-5.jpg\" alt=\"CARL WOLFF\" \/><h2 >CARL WOLFF<\/h2><span style=\"margin:0;\" class=\"separator transparent\"><\/span>Economist, jurnalist si politician sas din Transilvania, Carl Wolff a fost directorul Casei de Economii din Sibiu.<\/div><a href=\"https:\/\/dev.casa-kraus.ro\/camera-8-carl-wolff\/\" target=\"_self\"  class=\"qbutton  icon_right\" style=\"border-width: 0px; margin: 5px 0 0 0; \">Show more<\/a>[\/vc_column][vc_column width=&#8221;1\/2&#8243; css=&#8221;.vc_custom_1646405000936{margin-bottom: 30px !important;}&#8221;]<div class=\"image_with_text left\"><img src=\"https:\/\/dev.casa-kraus.ro\/wp-content\/uploads\/2016\/02\/FZ-2.jpg\" alt=\"FRANZ BINDER\" \/><h2 >FRANZ BINDER<\/h2><span style=\"margin:0;\" class=\"separator transparent\"><\/span>Franz Binder a scris cartea \u201eCalatorind peste sapte mari\u201d, bazata pe jurnalul sau de calatorie.<\/div><a href=\"https:\/\/dev.casa-kraus.ro\/camera-9-franz-binder\/\" target=\"_self\"  class=\"qbutton  icon_right\" style=\"border-width: 0px; margin: 5px 0 0 0; \">Show more<\/a>[\/vc_column][\/vc_row][vc_row row_type=&#8221;row&#8221; use_row_as_full_screen_section=&#8221;no&#8221; type=&#8221;full_width&#8221; oblique_section=&#8221;no&#8221; text_align=&#8221;left&#8221; css_animation=&#8221;&#8221; box_shadow_on_row=&#8221;no&#8221;][vc_column width=&#8221;1\/2&#8243; css=&#8221;.vc_custom_1646405059898{margin-bottom: 30px !important;}&#8221;]<div class=\"image_with_text left\"><img src=\"https:\/\/dev.casa-kraus.ro\/wp-content\/uploads\/2022\/03\/AS-3.jpg\" alt=\"ANNA SCHULLER\" \/><h2 >ANNA SCHULLER<\/h2><span style=\"margin:0;\" class=\"separator transparent\"><\/span>Copiilor le plac pove\u0219tile \u00eenainte de culcare, a\u0219a c\u0103 singura camer\u0103 din pensiune \u00een care copiii pot dormi singuri poart\u0103 numele unuia dintre primii profesori &#8230;<\/div><a href=\"https:\/\/dev.casa-kraus.ro\/en\/camera-1-anna-schuller\/\" target=\"_self\"  class=\"qbutton  icon_right\" style=\"border-width: 0px; margin: 5px 0 0 0; \">Show more<\/a>[\/vc_column][vc_column width=&#8221;1\/2&#8243; css=&#8221;.vc_custom_1646405000936{margin-bottom: 30px !important;}&#8221;][\/vc_column][\/vc_row][vc_row row_type=&#8221;row&#8221; use_row_as_full_screen_section=&#8221;no&#8221; type=&#8221;full_width&#8221; oblique_section=&#8221;no&#8221; text_align=&#8221;left&#8221; css_animation=&#8221;&#8221; box_shadow_on_row=&#8221;no&#8221;][vc_column][vc_empty_space height=&#8221;50px&#8221; image_repeat=&#8221;no-repeat&#8221;][\/vc_column][\/vc_row]<\/p>\n","protected":false},"excerpt":{"rendered":"<p>[vc_row row_type=&#8221;row&#8221; use_row_as_full_screen_section=&#8221;no&#8221; type=&#8221;full_width&#8221; oblique_section=&#8221;no&#8221; text_align=&#8221;left&#8221; css_animation=&#8221;&#8221; box_shadow_on_row=&#8221;no&#8221;][vc_column width=&#8221;1\/2&#8243; css=&#8221;.vc_custom_1646404945384{margin-bottom: 30px !important;}&#8221;][\/vc_column][vc_column width=&#8221;1\/2&#8243; css=&#8221;.vc_custom_1646404951573{margin-bottom: 30px !important;}&#8221;][\/vc_column][\/vc_row][vc_row row_type=&#8221;row&#8221; use_row_as_full_screen_section=&#8221;no&#8221; type=&#8221;full_width&#8221; oblique_section=&#8221;no&#8221; text_align=&#8221;left&#8221; css_animation=&#8221;&#8221; box_shadow_on_row=&#8221;no&#8221;][vc_column width=&#8221;1\/2&#8243; css=&#8221;.vc_custom_1646404970613{margin-bottom: 30px !important;}&#8221;][\/vc_column][vc_column width=&#8221;1\/2&#8243; css=&#8221;.vc_custom_1646404978706{margin-bottom: 30px !important;}&#8221;][\/vc_column][\/vc_row][vc_row row_type=&#8221;row&#8221; use_row_as_full_screen_section=&#8221;no&#8221; type=&#8221;full_width&#8221; oblique_section=&#8221;no&#8221; text_align=&#8221;left&#8221; css_animation=&#8221;&#8221; box_shadow_on_row=&#8221;no&#8221;][vc_column width=&#8221;1\/2&#8243; css=&#8221;.vc_custom_1646405038846{margin-bottom: 30px !important;}&#8221;][\/vc_column][vc_column width=&#8221;1\/2&#8243; css=&#8221;.vc_custom_1646405047192{margin-bottom: 30px&#8230;<\/p>\n","protected":false},"author":1,"featured_media":0,"parent":0,"menu_order":0,"comment_status":"closed","ping_status":"closed","template":"","meta":{"spay_email":""},"yoast_head":"<!-- This site is optimized with the Yoast SEO plugin v18.1 - https:\/\/yoast.com\/wordpress\/plugins\/seo\/ -->\n<title>Rooms - Casa Kraus<\/title>\n<meta name=\"robots\" content=\"noindex, follow, max-snippet:-1, max-image-preview:large, max-video-preview:-1\" \/>\n<meta property=\"og:locale\" content=\"en_US\" \/>\n<meta property=\"og:type\" content=\"article\" \/>\n<meta property=\"og:title\" content=\"Rooms - Casa Kraus\" \/>\n<meta property=\"og:description\" content=\"[vc_row row_type=&#8221;row&#8221; use_row_as_full_screen_section=&#8221;no&#8221; type=&#8221;full_width&#8221; oblique_section=&#8221;no&#8221; text_align=&#8221;left&#8221; css_animation=&#8221;&#8221; box_shadow_on_row=&#8221;no&#8221;][vc_column width=&#8221;1\/2&#8243; css=&#8221;.vc_custom_1646404945384{margin-bottom: 30px !important;}&#8221;][\/vc_column][vc_column width=&#8221;1\/2&#8243; css=&#8221;.vc_custom_1646404951573{margin-bottom: 30px !important;}&#8221;][\/vc_column][\/vc_row][vc_row row_type=&#8221;row&#8221; use_row_as_full_screen_section=&#8221;no&#8221; type=&#8221;full_width&#8221; oblique_section=&#8221;no&#8221; text_align=&#8221;left&#8221; css_animation=&#8221;&#8221; box_shadow_on_row=&#8221;no&#8221;][vc_column width=&#8221;1\/2&#8243; css=&#8221;.vc_custom_1646404970613{margin-bottom: 30px !important;}&#8221;][\/vc_column][vc_column width=&#8221;1\/2&#8243; css=&#8221;.vc_custom_1646404978706{margin-bottom: 30px !important;}&#8221;][\/vc_column][\/vc_row][vc_row row_type=&#8221;row&#8221; use_row_as_full_screen_section=&#8221;no&#8221; type=&#8221;full_width&#8221; oblique_section=&#8221;no&#8221; text_align=&#8221;left&#8221; css_animation=&#8221;&#8221; box_shadow_on_row=&#8221;no&#8221;][vc_column width=&#8221;1\/2&#8243; css=&#8221;.vc_custom_1646405038846{margin-bottom: 30px !important;}&#8221;][\/vc_column][vc_column width=&#8221;1\/2&#8243; css=&#8221;.vc_custom_1646405047192{margin-bottom: 30px...\" \/>\n<meta property=\"og:url\" content=\"https:\/\/dev.casa-kraus.ro\/en\/camere\/\" \/>\n<meta property=\"og:site_name\" content=\"Casa Kraus\" \/>\n<meta property=\"article:publisher\" content=\"https:\/\/www.facebook.com\/casakrauscrit\/\" \/>\n<meta property=\"article:modified_time\" content=\"2022-03-10T20:23:59+00:00\" \/>\n<meta name=\"twitter:card\" content=\"summary\" \/>\n<meta name=\"twitter:label1\" content=\"Est. reading time\" \/>\n\t<meta name=\"twitter:data1\" content=\"2 minutes\" \/>\n<script type=\"application\/ld+json\" class=\"yoast-schema-graph\">{\"@context\":\"https:\/\/schema.org\",\"@graph\":[{\"@type\":\"WebSite\",\"@id\":\"https:\/\/dev.casa-kraus.ro\/#website\",\"url\":\"https:\/\/dev.casa-kraus.ro\/\",\"name\":\"Casa Kraus\",\"description\":\"\",\"potentialAction\":[{\"@type\":\"SearchAction\",\"target\":{\"@type\":\"EntryPoint\",\"urlTemplate\":\"https:\/\/dev.casa-kraus.ro\/?s={search_term_string}\"},\"query-input\":\"required name=search_term_string\"}],\"inLanguage\":\"en-US\"},{\"@type\":\"WebPage\",\"@id\":\"https:\/\/dev.casa-kraus.ro\/en\/camere\/#webpage\",\"url\":\"https:\/\/dev.casa-kraus.ro\/en\/camere\/\",\"name\":\"Rooms - Casa Kraus\",\"isPartOf\":{\"@id\":\"https:\/\/dev.casa-kraus.ro\/#website\"},\"datePublished\":\"2022-03-10T08:46:10+00:00\",\"dateModified\":\"2022-03-10T20:23:59+00:00\",\"breadcrumb\":{\"@id\":\"https:\/\/dev.casa-kraus.ro\/en\/camere\/#breadcrumb\"},\"inLanguage\":\"en-US\",\"potentialAction\":[{\"@type\":\"ReadAction\",\"target\":[\"https:\/\/dev.casa-kraus.ro\/en\/camere\/\"]}]},{\"@type\":\"BreadcrumbList\",\"@id\":\"https:\/\/dev.casa-kraus.ro\/en\/camere\/#breadcrumb\",\"itemListElement\":[{\"@type\":\"ListItem\",\"position\":1,\"name\":\"Home\",\"item\":\"https:\/\/dev.casa-kraus.ro\/en\/\"},{\"@type\":\"ListItem\",\"position\":2,\"name\":\"Rooms\"}]}]}<\/script>\n<!-- \/ Yoast SEO plugin. -->","yoast_head_json":{"title":"Rooms - Casa Kraus","robots":{"index":"noindex","follow":"follow","max-snippet":"max-snippet:-1","max-image-preview":"max-image-preview:large","max-video-preview":"max-video-preview:-1"},"og_locale":"en_US","og_type":"article","og_title":"Rooms - Casa Kraus","og_description":"[vc_row row_type=&#8221;row&#8221; use_row_as_full_screen_section=&#8221;no&#8221; type=&#8221;full_width&#8221; oblique_section=&#8221;no&#8221; text_align=&#8221;left&#8221; css_animation=&#8221;&#8221; box_shadow_on_row=&#8221;no&#8221;][vc_column width=&#8221;1\/2&#8243; css=&#8221;.vc_custom_1646404945384{margin-bottom: 30px !important;}&#8221;][\/vc_column][vc_column width=&#8221;1\/2&#8243; css=&#8221;.vc_custom_1646404951573{margin-bottom: 30px !important;}&#8221;][\/vc_column][\/vc_row][vc_row row_type=&#8221;row&#8221; use_row_as_full_screen_section=&#8221;no&#8221; type=&#8221;full_width&#8221; oblique_section=&#8221;no&#8221; text_align=&#8221;left&#8221; css_animation=&#8221;&#8221; box_shadow_on_row=&#8221;no&#8221;][vc_column width=&#8221;1\/2&#8243; css=&#8221;.vc_custom_1646404970613{margin-bottom: 30px !important;}&#8221;][\/vc_column][vc_column width=&#8221;1\/2&#8243; css=&#8221;.vc_custom_1646404978706{margin-bottom: 30px !important;}&#8221;][\/vc_column][\/vc_row][vc_row row_type=&#8221;row&#8221; use_row_as_full_screen_section=&#8221;no&#8221; type=&#8221;full_width&#8221; oblique_section=&#8221;no&#8221; text_align=&#8221;left&#8221; css_animation=&#8221;&#8221; box_shadow_on_row=&#8221;no&#8221;][vc_column width=&#8221;1\/2&#8243; css=&#8221;.vc_custom_1646405038846{margin-bottom: 30px !important;}&#8221;][\/vc_column][vc_column width=&#8221;1\/2&#8243; css=&#8221;.vc_custom_1646405047192{margin-bottom: 30px...","og_url":"https:\/\/dev.casa-kraus.ro\/en\/camere\/","og_site_name":"Casa Kraus","article_publisher":"https:\/\/www.facebook.com\/casakrauscrit\/","article_modified_time":"2022-03-10T20:23:59+00:00","twitter_card":"summary","twitter_misc":{"Est. reading time":"2 minutes"},"schema":{"@context":"https:\/\/schema.org","@graph":[{"@type":"WebSite","@id":"https:\/\/dev.casa-kraus.ro\/#website","url":"https:\/\/dev.casa-kraus.ro\/","name":"Casa Kraus","description":"","potentialAction":[{"@type":"SearchAction","target":{"@type":"EntryPoint","urlTemplate":"https:\/\/dev.casa-kraus.ro\/?s={search_term_string}"},"query-input":"required name=search_term_string"}],"inLanguage":"en-US"},{"@type":"WebPage","@id":"https:\/\/dev.casa-kraus.ro\/en\/camere\/#webpage","url":"https:\/\/dev.casa-kraus.ro\/en\/camere\/","name":"Rooms - Casa Kraus","isPartOf":{"@id":"https:\/\/dev.casa-kraus.ro\/#website"},"datePublished":"2022-03-10T08:46:10+00:00","dateModified":"2022-03-10T20:23:59+00:00","breadcrumb":{"@id":"https:\/\/dev.casa-kraus.ro\/en\/camere\/#breadcrumb"},"inLanguage":"en-US","potentialAction":[{"@type":"ReadAction","target":["https:\/\/dev.casa-kraus.ro\/en\/camere\/"]}]},{"@type":"BreadcrumbList","@id":"https:\/\/dev.casa-kraus.ro\/en\/camere\/#breadcrumb","itemListElement":[{"@type":"ListItem","position":1,"name":"Home","item":"https:\/\/dev.casa-kraus.ro\/en\/"},{"@type":"ListItem","position":2,"name":"Rooms"}]}]}},"jetpack_sharing_enabled":true,"jetpack_shortlink":"https:\/\/wp.me\/P70qVL-dq6","jetpack-related-posts":[],"_links":{"self":[{"href":"https:\/\/dev.casa-kraus.ro\/en\/wp-json\/wp\/v2\/pages\/51590"}],"collection":[{"href":"https:\/\/dev.casa-kraus.ro\/en\/wp-json\/wp\/v2\/pages"}],"about":[{"href":"https:\/\/dev.casa-kraus.ro\/en\/wp-json\/wp\/v2\/types\/page"}],"author":[{"embeddable":true,"href":"https:\/\/dev.casa-kraus.ro\/en\/wp-json\/wp\/v2\/users\/1"}],"replies":[{"embeddable":true,"href":"https:\/\/dev.casa-kraus.ro\/en\/wp-json\/wp\/v2\/comments?post=51590"}],"version-history":[{"count":4,"href":"https:\/\/dev.casa-kraus.ro\/en\/wp-json\/wp\/v2\/pages\/51590\/revisions"}],"predecessor-version":[{"id":52019,"href":"https:\/\/dev.casa-kraus.ro\/en\/wp-json\/wp\/v2\/pages\/51590\/revisions\/52019"}],"wp:attachment":[{"href":"https:\/\/dev.casa-kraus.ro\/en\/wp-json\/wp\/v2\/media?parent=51590"}],"curies":[{"name":"wp","href":"https:\/\/api.w.org\/{rel}","templated":true}]}}