{"id":51740,"date":"2017-03-21T16:09:38","date_gmt":"2017-03-21T16:09:38","guid":{"rendered":"https:\/\/dev.casa-kraus.ro\/oferte\/"},"modified":"2022-03-10T14:48:35","modified_gmt":"2022-03-10T14:48:35","slug":"oferte","status":"publish","type":"page","link":"https:\/\/dev.casa-kraus.ro\/de\/oferte\/","title":{"rendered":"Angebote"},"content":{"rendered":"<p>[vc_row row_type=&#8220;row&#8220; use_row_as_full_screen_section=&#8220;no&#8220; type=&#8220;full_width&#8220; oblique_section=&#8220;no&#8220; text_align=&#8220;left&#8220; css_animation=&#8220;&#8220; box_shadow_on_row=&#8220;no&#8220;][vc_column][vc_column_text]\u00cenc\u0103 pu\u021bin \u0219i Cr\u0103ciunul \u0219i Revelionul ne bat la u\u0219\u0103! Am preg\u0103tit pentru dumneavoastr\u0103 dou\u0103 oferte care sper\u0103m s\u0103 v\u0103 \u00eenc\u00e2nte \u0219i s\u0103 v\u0103 petrece\u021bi aceste zile magice \u00een satul s\u0103sesc Cri\u021b, la Casa Kraus!<\/p>\n<p><img loading=\"lazy\" class=\"aligncenter size-full wp-image-51255\" src=\"https:\/\/dev.casa-kraus.ro\/wp-content\/uploads\/2017\/03\/CK-foto-website.jpg\" alt=\"ck-foto-website\" width=\"802\" height=\"279\" srcset=\"https:\/\/dev.casa-kraus.ro\/wp-content\/uploads\/2017\/03\/CK-foto-website.jpg 802w, https:\/\/dev.casa-kraus.ro\/wp-content\/uploads\/2017\/03\/CK-foto-website-600x209.jpg 600w, https:\/\/dev.casa-kraus.ro\/wp-content\/uploads\/2017\/03\/CK-foto-website-800x279.jpg 800w, https:\/\/dev.casa-kraus.ro\/wp-content\/uploads\/2017\/03\/CK-foto-website-700x244.jpg 700w\" sizes=\"(max-width: 802px) 100vw, 802px\" \/>[\/vc_column_text][vc_empty_space image_repeat=&#8220;no-repeat&#8220;][\/vc_column][\/vc_row][vc_row row_type=&#8220;row&#8220; use_row_as_full_screen_section=&#8220;no&#8220; type=&#8220;full_width&#8220; oblique_section=&#8220;no&#8220; text_align=&#8220;left&#8220; css_animation=&#8220;&#8220; box_shadow_on_row=&#8220;no&#8220;][vc_column width=&#8220;1\/2&#8243;][vc_column_text]<\/p>\n<p style=\"text-align: left;\"><strong><u>Ofert\u0103 Cr\u0103ciun 2019*<\/u><\/strong><\/p>\n<p style=\"text-align: left;\">Cazare \u00een camer\u0103 dubl\u0103 cu mic dejun, pr\u00e2nz \u0219i cin\u0103 pentru 2 nop\u021bi (24-26.12.2019)\u00a0 &#8211;\u00a0<strong>280 euro (tva inclus)<\/strong><\/p>\n<p style=\"text-align: left;\"><u>24.12.2019<\/u><\/p>\n<p style=\"text-align: left;\">Check-in (primire cu lichiu \u0219i vin fiert)<\/p>\n<p style=\"text-align: left;\">Cin\u0103 tradi\u021bional\u0103, inclus open bar, colind\u0103tori \u0219i Mo\u0219 Cr\u0103ciun\u00a0pentru copii<\/p>\n<p style=\"text-align: left;\">Foc de tab\u0103r\u0103 \u0219i vin fiert<\/p>\n<p style=\"text-align: left;\"><u>25.12.2019<\/u><\/p>\n<p style=\"text-align: left;\">Mic dejun<\/p>\n<p style=\"text-align: left;\">Plimbare cu c\u0103ru\u021ba Cri\u021b \u2013 Me\u0219endorf \u0219i retur cu vizitarea bisericii fortificate din Me\u0219endorf<\/p>\n<p style=\"text-align: left;\">Pr\u00e2nz (produse tradi\u021bionale &amp; open bar)<\/p>\n<p style=\"text-align: left;\">Turul &amp; vizitarea bisericii fortificate din Cri\u021b<\/p>\n<p style=\"text-align: left;\">Concert de org\u0103 la Cri\u021b<\/p>\n<p style=\"text-align: left;\">Cin\u0103 (produse tradi\u021bionale &amp; open bar) \u0219i forma\u021bie de muzic\u0103 popular\u0103<\/p>\n<p style=\"text-align: left;\"><u>26.12.2019<\/u><\/p>\n<p style=\"text-align: left;\">Mic dejun<\/p>\n<p style=\"text-align: left;\">Check-out<\/p>\n<p style=\"text-align: left;\">*Pentru rezerv\u0103ri \u0219i alte detalii, v\u0103 rug\u0103m s\u0103 ne scrie\u021bi la adresa radu.anton@casa-kraus.ro<\/p>\n<p>[\/vc_column_text][\/vc_column][vc_column width=&#8220;1\/2&#8243;][vc_column_text]<\/p>\n<p style=\"text-align: left;\"><strong><u>Ofert\u0103\u00a0Revelion\u00a02020*<\/u><\/strong><\/p>\n<p style=\"text-align: left;\">Cazare 3 nopti (30.12.2019-02.01.2020 ) \u00een camera dubla \u2013 <strong>500 euro<\/strong> (copii sub 12 ani au gratuitate)<\/p>\n<p style=\"text-align: left;\"><span style=\"text-decoration: underline;\">30.12.2019<\/span><\/p>\n<p style=\"text-align: left;\">Check-in (lichiu \u0219i vin fiert)<\/p>\n<p style=\"text-align: left;\">Pr\u00e2nz<\/p>\n<p style=\"text-align: left;\">Cin\u0103<\/p>\n<p style=\"text-align: left;\">Foc de tab\u0103r\u0103<\/p>\n<p style=\"text-align: left;\"><span style=\"text-decoration: underline;\">31.12.2019<\/span><\/p>\n<p style=\"text-align: left;\">Mic dejun<\/p>\n<p style=\"text-align: left;\">Pr\u00e2nz<\/p>\n<p style=\"text-align: left;\">Cin\u0103 Revelion<\/p>\n<p style=\"text-align: left;\">Colinde de Anul Nou<\/p>\n<p style=\"text-align: left;\">DJ<\/p>\n<p style=\"text-align: left;\">Artificii<\/p>\n<p style=\"text-align: left;\"><span style=\"text-decoration: underline;\">01.01.2020<\/span><\/p>\n<p style=\"text-align: left;\">Brunch<\/p>\n<p style=\"text-align: left;\">Turul &amp; vizitarea bisericii fortificate din Cri\u021b<\/p>\n<p style=\"text-align: left;\">Plimbare cu c\u0103ru\u021ba pe traseul Cri\u021b &#8211; Me\u0219endorf \u0219i retur cu vizitarea bisericii fortificate din Me\u0219endorf<\/p>\n<p style=\"text-align: left;\">Cin\u0103<\/p>\n<p style=\"text-align: left;\"><span style=\"text-decoration: underline;\">02.01.2020<\/span><\/p>\n<p style=\"text-align: left;\">Mic dejun<\/p>\n<p style=\"text-align: left;\">Check-out<\/p>\n<p style=\"text-align: left;\">\u00a0*Pentru rezerv\u0103ri \u0219i alte detalii, v\u0103 rug\u0103m s\u0103 ne scrie\u021bi la adresa radu.anton@casa-kraus.ro<\/p>\n<p style=\"text-align: left;\">V\u0103 a\u0219tept\u0103m!<\/p>\n<p>[\/vc_column_text][\/vc_column][\/vc_row][vc_row row_type=&#8220;row&#8220; use_row_as_full_screen_section=&#8220;no&#8220; type=&#8220;full_width&#8220; oblique_section=&#8220;no&#8220; text_align=&#8220;left&#8220; css_animation=&#8220;&#8220; box_shadow_on_row=&#8220;no&#8220;][vc_column][vc_empty_space height=&#8220;50px&#8220; image_repeat=&#8220;no-repeat&#8220;][\/vc_column][\/vc_row]<\/p>\n","protected":false},"excerpt":{"rendered":"<p>[vc_row row_type=&#8220;row&#8220; use_row_as_full_screen_section=&#8220;no&#8220; type=&#8220;full_width&#8220; oblique_section=&#8220;no&#8220; text_align=&#8220;left&#8220; css_animation=&#8220;&#8220; box_shadow_on_row=&#8220;no&#8220;][vc_column][vc_column_text]\u00cenc\u0103 pu\u021bin \u0219i Cr\u0103ciunul \u0219i Revelionul ne bat la u\u0219\u0103! Am preg\u0103tit pentru dumneavoastr\u0103 dou\u0103 oferte care sper\u0103m s\u0103 v\u0103 \u00eenc\u00e2nte \u0219i s\u0103 v\u0103 petrece\u021bi aceste zile magice \u00een satul s\u0103sesc Cri\u021b, la Casa Kraus! [\/vc_column_text][vc_empty_space image_repeat=&#8220;no-repeat&#8220;][\/vc_column][\/vc_row][vc_row row_type=&#8220;row&#8220;&#8230;<\/p>\n","protected":false},"author":1,"featured_media":0,"parent":0,"menu_order":0,"comment_status":"closed","ping_status":"closed","template":"","meta":{"spay_email":""},"yoast_head":"<!-- This site is optimized with the Yoast SEO plugin v18.1 - https:\/\/yoast.com\/wordpress\/plugins\/seo\/ -->\n<title>Angebote - Casa Kraus<\/title>\n<meta name=\"robots\" content=\"noindex, follow, max-snippet:-1, max-image-preview:large, max-video-preview:-1\" \/>\n<meta property=\"og:locale\" content=\"de_DE\" \/>\n<meta property=\"og:type\" content=\"article\" \/>\n<meta property=\"og:title\" content=\"Angebote - Casa Kraus\" \/>\n<meta property=\"og:description\" content=\"[vc_row row_type=&#8220;row&#8220; use_row_as_full_screen_section=&#8220;no&#8220; type=&#8220;full_width&#8220; oblique_section=&#8220;no&#8220; text_align=&#8220;left&#8220; css_animation=&#8220;&#8220; box_shadow_on_row=&#8220;no&#8220;][vc_column][vc_column_text]\u00cenc\u0103 pu\u021bin \u0219i Cr\u0103ciunul \u0219i Revelionul ne bat la u\u0219\u0103! Am preg\u0103tit pentru dumneavoastr\u0103 dou\u0103 oferte care sper\u0103m s\u0103 v\u0103 \u00eenc\u00e2nte \u0219i s\u0103 v\u0103 petrece\u021bi aceste zile magice \u00een satul s\u0103sesc Cri\u021b, la Casa Kraus! [\/vc_column_text][vc_empty_space image_repeat=&#8220;no-repeat&#8220;][\/vc_column][\/vc_row][vc_row row_type=&#8220;row&#8220;...\" \/>\n<meta property=\"og:url\" content=\"https:\/\/dev.casa-kraus.ro\/de\/oferte\/\" \/>\n<meta property=\"og:site_name\" content=\"Casa Kraus\" \/>\n<meta property=\"article:publisher\" content=\"https:\/\/www.facebook.com\/casakrauscrit\/\" \/>\n<meta property=\"article:modified_time\" content=\"2022-03-10T14:48:35+00:00\" \/>\n<meta property=\"og:image\" content=\"https:\/\/dev.casa-kraus.ro\/wp-content\/uploads\/2017\/03\/CK-foto-website.jpg\" \/>\n<meta name=\"twitter:card\" content=\"summary\" \/>\n<meta name=\"twitter:label1\" content=\"Gesch\u00e4tzte Lesezeit\" \/>\n\t<meta name=\"twitter:data1\" content=\"2 Minuten\" \/>\n<script type=\"application\/ld+json\" class=\"yoast-schema-graph\">{\"@context\":\"https:\/\/schema.org\",\"@graph\":[{\"@type\":\"WebSite\",\"@id\":\"https:\/\/dev.casa-kraus.ro\/#website\",\"url\":\"https:\/\/dev.casa-kraus.ro\/\",\"name\":\"Casa Kraus\",\"description\":\"\",\"potentialAction\":[{\"@type\":\"SearchAction\",\"target\":{\"@type\":\"EntryPoint\",\"urlTemplate\":\"https:\/\/dev.casa-kraus.ro\/?s={search_term_string}\"},\"query-input\":\"required name=search_term_string\"}],\"inLanguage\":\"de-DE\"},{\"@type\":\"ImageObject\",\"@id\":\"https:\/\/dev.casa-kraus.ro\/de\/oferte\/#primaryimage\",\"inLanguage\":\"de-DE\",\"url\":\"https:\/\/dev.casa-kraus.ro\/wp-content\/uploads\/2017\/03\/CK-foto-website.jpg\",\"contentUrl\":\"https:\/\/dev.casa-kraus.ro\/wp-content\/uploads\/2017\/03\/CK-foto-website.jpg\",\"width\":802,\"height\":279},{\"@type\":\"WebPage\",\"@id\":\"https:\/\/dev.casa-kraus.ro\/de\/oferte\/#webpage\",\"url\":\"https:\/\/dev.casa-kraus.ro\/de\/oferte\/\",\"name\":\"Angebote - Casa Kraus\",\"isPartOf\":{\"@id\":\"https:\/\/dev.casa-kraus.ro\/#website\"},\"primaryImageOfPage\":{\"@id\":\"https:\/\/dev.casa-kraus.ro\/de\/oferte\/#primaryimage\"},\"datePublished\":\"2017-03-21T16:09:38+00:00\",\"dateModified\":\"2022-03-10T14:48:35+00:00\",\"breadcrumb\":{\"@id\":\"https:\/\/dev.casa-kraus.ro\/de\/oferte\/#breadcrumb\"},\"inLanguage\":\"de-DE\",\"potentialAction\":[{\"@type\":\"ReadAction\",\"target\":[\"https:\/\/dev.casa-kraus.ro\/de\/oferte\/\"]}]},{\"@type\":\"BreadcrumbList\",\"@id\":\"https:\/\/dev.casa-kraus.ro\/de\/oferte\/#breadcrumb\",\"itemListElement\":[{\"@type\":\"ListItem\",\"position\":1,\"name\":\"Home\",\"item\":\"https:\/\/dev.casa-kraus.ro\/de\/\"},{\"@type\":\"ListItem\",\"position\":2,\"name\":\"Angebote\"}]}]}<\/script>\n<!-- \/ Yoast SEO plugin. -->","yoast_head_json":{"title":"Angebote - Casa Kraus","robots":{"index":"noindex","follow":"follow","max-snippet":"max-snippet:-1","max-image-preview":"max-image-preview:large","max-video-preview":"max-video-preview:-1"},"og_locale":"de_DE","og_type":"article","og_title":"Angebote - Casa Kraus","og_description":"[vc_row row_type=&#8220;row&#8220; use_row_as_full_screen_section=&#8220;no&#8220; type=&#8220;full_width&#8220; oblique_section=&#8220;no&#8220; text_align=&#8220;left&#8220; css_animation=&#8220;&#8220; box_shadow_on_row=&#8220;no&#8220;][vc_column][vc_column_text]\u00cenc\u0103 pu\u021bin \u0219i Cr\u0103ciunul \u0219i Revelionul ne bat la u\u0219\u0103! Am preg\u0103tit pentru dumneavoastr\u0103 dou\u0103 oferte care sper\u0103m s\u0103 v\u0103 \u00eenc\u00e2nte \u0219i s\u0103 v\u0103 petrece\u021bi aceste zile magice \u00een satul s\u0103sesc Cri\u021b, la Casa Kraus! [\/vc_column_text][vc_empty_space image_repeat=&#8220;no-repeat&#8220;][\/vc_column][\/vc_row][vc_row row_type=&#8220;row&#8220;...","og_url":"https:\/\/dev.casa-kraus.ro\/de\/oferte\/","og_site_name":"Casa Kraus","article_publisher":"https:\/\/www.facebook.com\/casakrauscrit\/","article_modified_time":"2022-03-10T14:48:35+00:00","og_image":[{"url":"https:\/\/dev.casa-kraus.ro\/wp-content\/uploads\/2017\/03\/CK-foto-website.jpg"}],"twitter_card":"summary","twitter_misc":{"Gesch\u00e4tzte Lesezeit":"2 Minuten"},"schema":{"@context":"https:\/\/schema.org","@graph":[{"@type":"WebSite","@id":"https:\/\/dev.casa-kraus.ro\/#website","url":"https:\/\/dev.casa-kraus.ro\/","name":"Casa Kraus","description":"","potentialAction":[{"@type":"SearchAction","target":{"@type":"EntryPoint","urlTemplate":"https:\/\/dev.casa-kraus.ro\/?s={search_term_string}"},"query-input":"required name=search_term_string"}],"inLanguage":"de-DE"},{"@type":"ImageObject","@id":"https:\/\/dev.casa-kraus.ro\/de\/oferte\/#primaryimage","inLanguage":"de-DE","url":"https:\/\/dev.casa-kraus.ro\/wp-content\/uploads\/2017\/03\/CK-foto-website.jpg","contentUrl":"https:\/\/dev.casa-kraus.ro\/wp-content\/uploads\/2017\/03\/CK-foto-website.jpg","width":802,"height":279},{"@type":"WebPage","@id":"https:\/\/dev.casa-kraus.ro\/de\/oferte\/#webpage","url":"https:\/\/dev.casa-kraus.ro\/de\/oferte\/","name":"Angebote - Casa Kraus","isPartOf":{"@id":"https:\/\/dev.casa-kraus.ro\/#website"},"primaryImageOfPage":{"@id":"https:\/\/dev.casa-kraus.ro\/de\/oferte\/#primaryimage"},"datePublished":"2017-03-21T16:09:38+00:00","dateModified":"2022-03-10T14:48:35+00:00","breadcrumb":{"@id":"https:\/\/dev.casa-kraus.ro\/de\/oferte\/#breadcrumb"},"inLanguage":"de-DE","potentialAction":[{"@type":"ReadAction","target":["https:\/\/dev.casa-kraus.ro\/de\/oferte\/"]}]},{"@type":"BreadcrumbList","@id":"https:\/\/dev.casa-kraus.ro\/de\/oferte\/#breadcrumb","itemListElement":[{"@type":"ListItem","position":1,"name":"Home","item":"https:\/\/dev.casa-kraus.ro\/de\/"},{"@type":"ListItem","position":2,"name":"Angebote"}]}]}},"jetpack_sharing_enabled":true,"jetpack_shortlink":"https:\/\/wp.me\/P70qVL-dsw","jetpack-related-posts":[],"_links":{"self":[{"href":"https:\/\/dev.casa-kraus.ro\/de\/wp-json\/wp\/v2\/pages\/51740"}],"collection":[{"href":"https:\/\/dev.casa-kraus.ro\/de\/wp-json\/wp\/v2\/pages"}],"about":[{"href":"https:\/\/dev.casa-kraus.ro\/de\/wp-json\/wp\/v2\/types\/page"}],"author":[{"embeddable":true,"href":"https:\/\/dev.casa-kraus.ro\/de\/wp-json\/wp\/v2\/users\/1"}],"replies":[{"embeddable":true,"href":"https:\/\/dev.casa-kraus.ro\/de\/wp-json\/wp\/v2\/comments?post=51740"}],"version-history":[{"count":2,"href":"https:\/\/dev.casa-kraus.ro\/de\/wp-json\/wp\/v2\/pages\/51740\/revisions"}],"predecessor-version":[{"id":51772,"href":"https:\/\/dev.casa-kraus.ro\/de\/wp-json\/wp\/v2\/pages\/51740\/revisions\/51772"}],"wp:attachment":[{"href":"https:\/\/dev.casa-kraus.ro\/de\/wp-json\/wp\/v2\/media?parent=51740"}],"curies":[{"name":"wp","href":"https:\/\/api.w.org\/{rel}","templated":true}]}}