{"id":51736,"date":"2016-02-22T12:22:39","date_gmt":"2016-02-22T12:22:39","guid":{"rendered":"https:\/\/dev.casa-kraus.ro\/camera-6-stephan-ludwig-roth\/"},"modified":"2022-03-10T14:09:41","modified_gmt":"2022-03-10T14:09:41","slug":"zimmer-6-stephan-ludwig-roth","status":"publish","type":"page","link":"https:\/\/dev.casa-kraus.ro\/de\/zimmer-6-stephan-ludwig-roth\/","title":{"rendered":"Stephan Ludwig Roth"},"content":{"rendered":"<p>[vc_row row_type=&#8220;row&#8220; use_row_as_full_screen_section=&#8220;no&#8220; type=&#8220;full_width&#8220; oblique_section=&#8220;no&#8220; text_align=&#8220;left&#8220; css_animation=&#8220;&#8220; box_shadow_on_row=&#8220;no&#8220;][vc_column][vc_column_text]<\/p>\n<p style=\"text-align: center;\"><strong>Zimmer 6 \u2013 Stephan Ludwig Roth<\/strong><\/p>\n<p style=\"text-align: center;\">Humanistischer Denker, Historiker, Professor und\u00a0 lutherischer Pastor aus Siebenb\u00fcrgen , ist Roth eine der aktiven Figuren der s\u00e4chsischen Intelligenz, und das Zimmer, das Ihm gewidmet ist, l\u00e4dt zur Meditation ein, in einer warmen Atmosph\u00e4re.<\/p>\n<p style=\"text-align: center;\">Finden Sie Preise und Verf\u00fcgbarkeit\u00a0<a href=\"https:\/\/www.casa-kraus.ro\/de\/reservierung\/\">hier!<\/a><\/p>\n<p style=\"text-align: center;\"><img data-attachment-id=\"51685\" data-permalink=\"https:\/\/dev.casa-kraus.ro\/de\/zimmer-8-carl-wolff\/rezerva-de\/\" data-orig-file=\"https:\/\/dev.casa-kraus.ro\/wp-content\/uploads\/2022\/03\/rezerva-DE.jpg\" data-orig-size=\"400,100\" data-comments-opened=\"1\" data-image-meta=\"{&quot;aperture&quot;:&quot;0&quot;,&quot;credit&quot;:&quot;&quot;,&quot;camera&quot;:&quot;&quot;,&quot;caption&quot;:&quot;&quot;,&quot;created_timestamp&quot;:&quot;0&quot;,&quot;copyright&quot;:&quot;&quot;,&quot;focal_length&quot;:&quot;0&quot;,&quot;iso&quot;:&quot;0&quot;,&quot;shutter_speed&quot;:&quot;0&quot;,&quot;title&quot;:&quot;&quot;,&quot;orientation&quot;:&quot;0&quot;}\" data-image-title=\"rezerva-DE\" data-image-description=\"\" data-image-caption=\"\" data-medium-file=\"https:\/\/dev.casa-kraus.ro\/wp-content\/uploads\/2022\/03\/rezerva-DE.jpg\" data-large-file=\"https:\/\/dev.casa-kraus.ro\/wp-content\/uploads\/2022\/03\/rezerva-DE.jpg\" loading=\"lazy\" class=\"size-full wp-image-51685 aligncenter\" src=\"https:\/\/dev.casa-kraus.ro\/wp-content\/uploads\/2022\/03\/rezerva-DE.jpg\" alt=\"\" width=\"400\" height=\"100\" \/><\/p>\n<p>[\/vc_column_text][\/vc_column][\/vc_row][vc_row row_type=&#8220;row&#8220; use_row_as_full_screen_section=&#8220;no&#8220; type=&#8220;full_width&#8220; oblique_section=&#8220;no&#8220; text_align=&#8220;left&#8220; side_padding=&#8220;20&#8243; padding_top=&#8220;20&#8243; css_animation=&#8220;&#8220; box_shadow_on_row=&#8220;no&#8220;][vc_column][vc_gallery type=&#8220;image_grid&#8220; images=&#8220;51013,51014,51017,51015&#8243; img_size=&#8220;full&#8220; column_number=&#8220;2&#8243; grayscale=&#8220;no&#8220; hover_icon=&#8220;none&#8220; images_space=&#8220;gallery_with_space&#8220;][\/vc_column][\/vc_row][vc_row row_type=&#8220;row&#8220; use_row_as_full_screen_section=&#8220;no&#8220; type=&#8220;full_width&#8220; oblique_section=&#8220;no&#8220; text_align=&#8220;left&#8220; css_animation=&#8220;&#8220; box_shadow_on_row=&#8220;no&#8220;][vc_column][vc_empty_space height=&#8220;30px&#8220; image_repeat=&#8220;no-repeat&#8220;][\/vc_column][\/vc_row]<\/p>\n","protected":false},"excerpt":{"rendered":"<p>[vc_row row_type=&#8220;row&#8220; use_row_as_full_screen_section=&#8220;no&#8220; type=&#8220;full_width&#8220; oblique_section=&#8220;no&#8220; text_align=&#8220;left&#8220; css_animation=&#8220;&#8220; box_shadow_on_row=&#8220;no&#8220;][vc_column][vc_column_text] Zimmer 6 \u2013 Stephan Ludwig Roth Humanistischer Denker, Historiker, Professor und\u00a0 lutherischer Pastor aus Siebenb\u00fcrgen , ist Roth eine der aktiven Figuren der s\u00e4chsischen Intelligenz, und das Zimmer, das Ihm gewidmet ist, l\u00e4dt zur Meditation ein, in&#8230;<\/p>\n","protected":false},"author":1,"featured_media":0,"parent":0,"menu_order":0,"comment_status":"closed","ping_status":"closed","template":"","meta":{"spay_email":""},"yoast_head":"<!-- This site is optimized with the Yoast SEO plugin v18.1 - https:\/\/yoast.com\/wordpress\/plugins\/seo\/ -->\n<title>Stephan Ludwig Roth - Casa Kraus<\/title>\n<meta name=\"robots\" content=\"noindex, follow, max-snippet:-1, max-image-preview:large, max-video-preview:-1\" \/>\n<meta property=\"og:locale\" content=\"de_DE\" \/>\n<meta property=\"og:type\" content=\"article\" \/>\n<meta property=\"og:title\" content=\"Stephan Ludwig Roth - Casa Kraus\" \/>\n<meta property=\"og:description\" content=\"[vc_row row_type=&#8220;row&#8220; use_row_as_full_screen_section=&#8220;no&#8220; type=&#8220;full_width&#8220; oblique_section=&#8220;no&#8220; text_align=&#8220;left&#8220; css_animation=&#8220;&#8220; box_shadow_on_row=&#8220;no&#8220;][vc_column][vc_column_text] Zimmer 6 \u2013 Stephan Ludwig Roth Humanistischer Denker, Historiker, Professor und\u00a0 lutherischer Pastor aus Siebenb\u00fcrgen , ist Roth eine der aktiven Figuren der s\u00e4chsischen Intelligenz, und das Zimmer, das Ihm gewidmet ist, l\u00e4dt zur Meditation ein, in...\" \/>\n<meta property=\"og:url\" content=\"https:\/\/dev.casa-kraus.ro\/de\/zimmer-6-stephan-ludwig-roth\/\" \/>\n<meta property=\"og:site_name\" content=\"Casa Kraus\" \/>\n<meta property=\"article:publisher\" content=\"https:\/\/www.facebook.com\/casakrauscrit\/\" \/>\n<meta property=\"article:modified_time\" content=\"2022-03-10T14:09:41+00:00\" \/>\n<meta property=\"og:image\" content=\"https:\/\/dev.casa-kraus.ro\/wp-content\/uploads\/2022\/03\/rezerva-DE.jpg\" \/>\n<meta name=\"twitter:card\" content=\"summary\" \/>\n<meta name=\"twitter:label1\" content=\"Gesch\u00e4tzte Lesezeit\" \/>\n\t<meta name=\"twitter:data1\" content=\"1 Minute\" \/>\n<script type=\"application\/ld+json\" class=\"yoast-schema-graph\">{\"@context\":\"https:\/\/schema.org\",\"@graph\":[{\"@type\":\"WebSite\",\"@id\":\"https:\/\/dev.casa-kraus.ro\/#website\",\"url\":\"https:\/\/dev.casa-kraus.ro\/\",\"name\":\"Casa Kraus\",\"description\":\"\",\"potentialAction\":[{\"@type\":\"SearchAction\",\"target\":{\"@type\":\"EntryPoint\",\"urlTemplate\":\"https:\/\/dev.casa-kraus.ro\/?s={search_term_string}\"},\"query-input\":\"required name=search_term_string\"}],\"inLanguage\":\"de-DE\"},{\"@type\":\"ImageObject\",\"@id\":\"https:\/\/dev.casa-kraus.ro\/de\/zimmer-6-stephan-ludwig-roth\/#primaryimage\",\"inLanguage\":\"de-DE\",\"url\":\"https:\/\/dev.casa-kraus.ro\/wp-content\/uploads\/2022\/03\/rezerva-DE.jpg\",\"contentUrl\":\"https:\/\/dev.casa-kraus.ro\/wp-content\/uploads\/2022\/03\/rezerva-DE.jpg\",\"width\":400,\"height\":100},{\"@type\":\"WebPage\",\"@id\":\"https:\/\/dev.casa-kraus.ro\/de\/zimmer-6-stephan-ludwig-roth\/#webpage\",\"url\":\"https:\/\/dev.casa-kraus.ro\/de\/zimmer-6-stephan-ludwig-roth\/\",\"name\":\"Stephan Ludwig Roth - Casa Kraus\",\"isPartOf\":{\"@id\":\"https:\/\/dev.casa-kraus.ro\/#website\"},\"primaryImageOfPage\":{\"@id\":\"https:\/\/dev.casa-kraus.ro\/de\/zimmer-6-stephan-ludwig-roth\/#primaryimage\"},\"datePublished\":\"2016-02-22T12:22:39+00:00\",\"dateModified\":\"2022-03-10T14:09:41+00:00\",\"breadcrumb\":{\"@id\":\"https:\/\/dev.casa-kraus.ro\/de\/zimmer-6-stephan-ludwig-roth\/#breadcrumb\"},\"inLanguage\":\"de-DE\",\"potentialAction\":[{\"@type\":\"ReadAction\",\"target\":[\"https:\/\/dev.casa-kraus.ro\/de\/zimmer-6-stephan-ludwig-roth\/\"]}]},{\"@type\":\"BreadcrumbList\",\"@id\":\"https:\/\/dev.casa-kraus.ro\/de\/zimmer-6-stephan-ludwig-roth\/#breadcrumb\",\"itemListElement\":[{\"@type\":\"ListItem\",\"position\":1,\"name\":\"Home\",\"item\":\"https:\/\/dev.casa-kraus.ro\/de\/\"},{\"@type\":\"ListItem\",\"position\":2,\"name\":\"Stephan Ludwig Roth\"}]}]}<\/script>\n<!-- \/ Yoast SEO plugin. -->","yoast_head_json":{"title":"Stephan Ludwig Roth - Casa Kraus","robots":{"index":"noindex","follow":"follow","max-snippet":"max-snippet:-1","max-image-preview":"max-image-preview:large","max-video-preview":"max-video-preview:-1"},"og_locale":"de_DE","og_type":"article","og_title":"Stephan Ludwig Roth - Casa Kraus","og_description":"[vc_row row_type=&#8220;row&#8220; use_row_as_full_screen_section=&#8220;no&#8220; type=&#8220;full_width&#8220; oblique_section=&#8220;no&#8220; text_align=&#8220;left&#8220; css_animation=&#8220;&#8220; box_shadow_on_row=&#8220;no&#8220;][vc_column][vc_column_text] Zimmer 6 \u2013 Stephan Ludwig Roth Humanistischer Denker, Historiker, Professor und\u00a0 lutherischer Pastor aus Siebenb\u00fcrgen , ist Roth eine der aktiven Figuren der s\u00e4chsischen Intelligenz, und das Zimmer, das Ihm gewidmet ist, l\u00e4dt zur Meditation ein, in...","og_url":"https:\/\/dev.casa-kraus.ro\/de\/zimmer-6-stephan-ludwig-roth\/","og_site_name":"Casa Kraus","article_publisher":"https:\/\/www.facebook.com\/casakrauscrit\/","article_modified_time":"2022-03-10T14:09:41+00:00","og_image":[{"url":"https:\/\/dev.casa-kraus.ro\/wp-content\/uploads\/2022\/03\/rezerva-DE.jpg"}],"twitter_card":"summary","twitter_misc":{"Gesch\u00e4tzte Lesezeit":"1 Minute"},"schema":{"@context":"https:\/\/schema.org","@graph":[{"@type":"WebSite","@id":"https:\/\/dev.casa-kraus.ro\/#website","url":"https:\/\/dev.casa-kraus.ro\/","name":"Casa Kraus","description":"","potentialAction":[{"@type":"SearchAction","target":{"@type":"EntryPoint","urlTemplate":"https:\/\/dev.casa-kraus.ro\/?s={search_term_string}"},"query-input":"required name=search_term_string"}],"inLanguage":"de-DE"},{"@type":"ImageObject","@id":"https:\/\/dev.casa-kraus.ro\/de\/zimmer-6-stephan-ludwig-roth\/#primaryimage","inLanguage":"de-DE","url":"https:\/\/dev.casa-kraus.ro\/wp-content\/uploads\/2022\/03\/rezerva-DE.jpg","contentUrl":"https:\/\/dev.casa-kraus.ro\/wp-content\/uploads\/2022\/03\/rezerva-DE.jpg","width":400,"height":100},{"@type":"WebPage","@id":"https:\/\/dev.casa-kraus.ro\/de\/zimmer-6-stephan-ludwig-roth\/#webpage","url":"https:\/\/dev.casa-kraus.ro\/de\/zimmer-6-stephan-ludwig-roth\/","name":"Stephan Ludwig Roth - Casa Kraus","isPartOf":{"@id":"https:\/\/dev.casa-kraus.ro\/#website"},"primaryImageOfPage":{"@id":"https:\/\/dev.casa-kraus.ro\/de\/zimmer-6-stephan-ludwig-roth\/#primaryimage"},"datePublished":"2016-02-22T12:22:39+00:00","dateModified":"2022-03-10T14:09:41+00:00","breadcrumb":{"@id":"https:\/\/dev.casa-kraus.ro\/de\/zimmer-6-stephan-ludwig-roth\/#breadcrumb"},"inLanguage":"de-DE","potentialAction":[{"@type":"ReadAction","target":["https:\/\/dev.casa-kraus.ro\/de\/zimmer-6-stephan-ludwig-roth\/"]}]},{"@type":"BreadcrumbList","@id":"https:\/\/dev.casa-kraus.ro\/de\/zimmer-6-stephan-ludwig-roth\/#breadcrumb","itemListElement":[{"@type":"ListItem","position":1,"name":"Home","item":"https:\/\/dev.casa-kraus.ro\/de\/"},{"@type":"ListItem","position":2,"name":"Stephan Ludwig Roth"}]}]}},"jetpack_sharing_enabled":true,"jetpack_shortlink":"https:\/\/wp.me\/P70qVL-dss","jetpack-related-posts":[],"_links":{"self":[{"href":"https:\/\/dev.casa-kraus.ro\/de\/wp-json\/wp\/v2\/pages\/51736"}],"collection":[{"href":"https:\/\/dev.casa-kraus.ro\/de\/wp-json\/wp\/v2\/pages"}],"about":[{"href":"https:\/\/dev.casa-kraus.ro\/de\/wp-json\/wp\/v2\/types\/page"}],"author":[{"embeddable":true,"href":"https:\/\/dev.casa-kraus.ro\/de\/wp-json\/wp\/v2\/users\/1"}],"replies":[{"embeddable":true,"href":"https:\/\/dev.casa-kraus.ro\/de\/wp-json\/wp\/v2\/comments?post=51736"}],"version-history":[{"count":1,"href":"https:\/\/dev.casa-kraus.ro\/de\/wp-json\/wp\/v2\/pages\/51736\/revisions"}],"predecessor-version":[{"id":51738,"href":"https:\/\/dev.casa-kraus.ro\/de\/wp-json\/wp\/v2\/pages\/51736\/revisions\/51738"}],"wp:attachment":[{"href":"https:\/\/dev.casa-kraus.ro\/de\/wp-json\/wp\/v2\/media?parent=51736"}],"curies":[{"name":"wp","href":"https:\/\/api.w.org\/{rel}","templated":true}]}}