{"id":51711,"date":"2014-12-12T10:10:12","date_gmt":"2014-12-12T10:10:12","guid":{"rendered":"https:\/\/dev.casa-kraus.ro\/home\/"},"modified":"2022-03-10T17:57:48","modified_gmt":"2022-03-10T17:57:48","slug":"startseite","status":"publish","type":"page","link":"https:\/\/dev.casa-kraus.ro\/de\/","title":{"rendered":"Startseite"},"content":{"rendered":"<p>[vc_row row_type=&#8220;row&#8220; use_row_as_full_screen_section=&#8220;no&#8220; type=&#8220;full_width&#8220; oblique_section=&#8220;no&#8220; text_align=&#8220;left&#8220; css_animation=&#8220;&#8220; box_shadow_on_row=&#8220;no&#8220;][vc_column css=&#8220;.vc_custom_1646258160187{margin-top: 0px !important;margin-bottom: 0px !important;padding-top: 10px !important;padding-bottom: 10px !important;background-color: #c0a97d !important;}&#8220;][vc_single_image image=&#8220;50907&#8243; img_size=&#8220;full&#8220; alignment=&#8220;center&#8220; onclick=&#8220;custom_link&#8220; qode_css_animation=&#8220;&#8220; link=&#8220;https:\/\/dev.casa-kraus.ro\/rezervare\/&#8220; css=&#8220;.vc_custom_1485336808961{margin-top: 0px !important;margin-bottom: 0px !important;padding-top: 0px !important;padding-bottom: 0px !important;background-color: #c0a97d !important;}&#8220;][\/vc_column][\/vc_row][vc_row row_type=&#8220;row&#8220; use_row_as_full_screen_section=&#8220;no&#8220; type=&#8220;full_width&#8220; oblique_section=&#8220;no&#8220; text_align=&#8220;center&#8220; background_color=&#8220;#efefef&#8220; padding_bottom=&#8220;50&#8243; css_animation=&#8220;&#8220; box_shadow_on_row=&#8220;no&#8220; triangle_shape=&#8220;no&#8220; triangle_shape_position=&#8220;both&#8220;][vc_column][vc_column_text css=&#8220;.vc_custom_1646920293658{margin-top: 0px !important;padding-top: 60px !important;padding-bottom: 0px !important;}&#8220;]<\/p>\n<h2 style=\"text-align: center;\"><strong>WARUM DU ZU UNS KOMMEN SOLLST<\/strong><\/h2>\n<h2 style=\"text-align: center;\"><strong>\u00a0<\/strong><\/h2>\n<p>[\/vc_column_text][\/vc_column][\/vc_row][vc_row row_type=&#8220;row&#8220; use_row_as_full_screen_section=&#8220;no&#8220; type=&#8220;full_width&#8220; oblique_section=&#8220;no&#8220; text_align=&#8220;left&#8220; css_animation=&#8220;&#8220; box_shadow_on_row=&#8220;no&#8220; el_class=&#8220;max_width_container&#8220;][vc_column width=&#8220;1\/2&#8243; css=&#8220;.vc_custom_1646905736719{padding-top: 0px !important;padding-right: 0px !important;padding-bottom: 0px !important;padding-left: 0px !important;}&#8220;][vc_single_image image=&#8220;51935&#8243; img_size=&#8220;full&#8220; alignment=&#8220;center&#8220; onclick=&#8220;custom_link&#8220; qode_css_animation=&#8220;&#8220; link=&#8220;https:\/\/dev.casa-kraus.ro\/de\/zimmer\/&#8220;][\/vc_column][vc_column width=&#8220;1\/2&#8243; css=&#8220;.vc_custom_1646905729992{padding-top: 0px !important;padding-right: 0px !important;padding-bottom: 0px !important;padding-left: 0px !important;}&#8220;][vc_single_image image=&#8220;51938&#8243; img_size=&#8220;full&#8220; alignment=&#8220;center&#8220; onclick=&#8220;custom_link&#8220; qode_css_animation=&#8220;&#8220; link=&#8220;https:\/\/dev.casa-kraus.ro\/de\/restaurant\/&#8220;][\/vc_column][vc_column width=&#8220;1\/2&#8243; css=&#8220;.vc_custom_1646905742930{padding-top: 0px !important;padding-right: 0px !important;padding-bottom: 0px !important;padding-left: 0px !important;}&#8220;][vc_single_image image=&#8220;51941&#8243; img_size=&#8220;full&#8220; alignment=&#8220;center&#8220; onclick=&#8220;custom_link&#8220; qode_css_animation=&#8220;&#8220; link=&#8220;https:\/\/dev.casa-kraus.ro\/de\/zu-hause-bei-den-sachsen\/&#8220;][\/vc_column][vc_column width=&#8220;1\/2&#8243; css=&#8220;.vc_custom_1646905780148{padding-top: 0px !important;padding-right: 0px !important;padding-bottom: 0px !important;padding-left: 0px !important;}&#8220;][vc_single_image image=&#8220;51944&#8243; img_size=&#8220;full&#8220; alignment=&#8220;center&#8220; onclick=&#8220;custom_link&#8220; qode_css_animation=&#8220;&#8220; link=&#8220;https:\/\/dev.casa-kraus.ro\/de\/activitaten\/&#8220; css=&#8220;.vc_custom_1646934784879{padding-top: 0px !important;padding-right: 0px !important;padding-bottom: 0px !important;padding-left: 0px !important;}&#8220;][\/vc_column][\/vc_row][vc_row row_type=&#8220;row&#8220; use_row_as_full_screen_section=&#8220;no&#8220; type=&#8220;grid&#8220; oblique_section=&#8220;no&#8220; text_align=&#8220;center&#8220; padding_top=&#8220;106&#8243; padding_bottom=&#8220;80&#8243; css_animation=&#8220;&#8220; box_shadow_on_row=&#8220;no&#8220; triangle_shape=&#8220;no&#8220; triangle_shape_position=&#8220;both&#8220;][vc_column][vc_column_text]<\/p>\n<h2 style=\"text-align: center;\">ZIMMER<\/h2>\n<p>[\/vc_column_text][vc_separator type=&#8220;transparent&#8220; up=&#8220;32&#8243;][vc_column_text]<\/p>\n<div class=\"wpb_text_column wpb_content_element \">\n<div class=\"wpb_wrapper\">\n<p style=\"text-align: center;\">Wenn Sie das Haus Kraus betreten, wird\u00a0 Sie nicht nur die warme Atmosph\u00e4re \u00a0und ein l\u00e4chelndes Personal begr\u00fc\u00dfen, sondern auch die neun verschiedene Konzepte der Zimmer.<\/p>\n<p style=\"text-align: center;\">Egal, ob Sie mit der ganzen Familie kommen und m\u00f6chten , dass Ihre Kinder ihren Platz haben, ob Sie ein aktives Wochenende m\u00f6chten, so dass Sie ein praktisches Zimmer w\u00e4hlen, oder ob Sie einen romantischen Loft m\u00f6chten, in dem Sie sich mit Ihrem Partner zur\u00fcckziehen m\u00f6chten , ist das Haus Kraus der Treffpunkt von verschiedenen Ans\u00e4tzen f\u00fcr Touristen, die aus Reisen einen Lebensstil machen!<\/p>\n<p style=\"text-align: center;\">Au\u00dferdem ist jedes Zimmer nach einem in Siebenb\u00fcrgen geborenen Sachsen genannt, damit sich unsere G\u00e4ste wie zu Hause bei den Sachsen f\u00fchlen!<\/p>\n<\/div>\n<\/div>\n<p>[\/vc_column_text][vc_separator type=&#8220;transparent&#8220; up=&#8220;72&#8243; el_class=&#8220;vc_hidden-sm vc_hidden-xs&#8220;][\/vc_column][\/vc_row][vc_row row_type=&#8220;row&#8220; use_row_as_full_screen_section=&#8220;no&#8220; type=&#8220;full_width&#8220; oblique_section=&#8220;no&#8220; text_align=&#8220;left&#8220; css_animation=&#8220;&#8220; box_shadow_on_row=&#8220;no&#8220; el_class=&#8220;max_width_container&#8220;][vc_column width=&#8220;1\/2&#8243; css=&#8220;.vc_custom_1646905736719{padding-top: 0px !important;padding-right: 0px !important;padding-bottom: 0px !important;padding-left: 0px !important;}&#8220;][vc_single_image image=&#8220;50938&#8243; img_size=&#8220;full&#8220; alignment=&#8220;center&#8220; onclick=&#8220;custom_link&#8220; qode_css_animation=&#8220;&#8220; link=&#8220;https:\/\/dev.casa-kraus.ro\/de\/zimmer-1-anna-schuller\/&#8220;][\/vc_column][vc_column width=&#8220;1\/2&#8243; css=&#8220;.vc_custom_1646905729992{padding-top: 0px !important;padding-right: 0px !important;padding-bottom: 0px !important;padding-left: 0px !important;}&#8220;][vc_single_image image=&#8220;50939&#8243; img_size=&#8220;full&#8220; alignment=&#8220;center&#8220; onclick=&#8220;custom_link&#8220; qode_css_animation=&#8220;&#8220; link=&#8220;https:\/\/dev.casa-kraus.ro\/de\/zimmer-3-johann-kraus\/&#8220;][\/vc_column][vc_column width=&#8220;1\/2&#8243; css=&#8220;.vc_custom_1646905742930{padding-top: 0px !important;padding-right: 0px !important;padding-bottom: 0px !important;padding-left: 0px !important;}&#8220;][vc_single_image image=&#8220;50940&#8243; img_size=&#8220;full&#8220; alignment=&#8220;center&#8220; onclick=&#8220;custom_link&#8220; qode_css_animation=&#8220;&#8220; link=&#8220;https:\/\/dev.casa-kraus.ro\/de\/zimmer-9-franz-binder\/&#8220;][\/vc_column][vc_column width=&#8220;1\/2&#8243; css=&#8220;.vc_custom_1646905780148{padding-top: 0px !important;padding-right: 0px !important;padding-bottom: 0px !important;padding-left: 0px !important;}&#8220;][vc_single_image image=&#8220;50941&#8243; img_size=&#8220;full&#8220; alignment=&#8220;center&#8220; onclick=&#8220;custom_link&#8220; qode_css_animation=&#8220;&#8220; link=&#8220;https:\/\/dev.casa-kraus.ro\/de\/zimmer-7-johannes-honterus\/&#8220; css=&#8220;.vc_custom_1646934897556{padding-top: 0px !important;padding-right: 0px !important;padding-bottom: 0px !important;padding-left: 0px !important;}&#8220;][\/vc_column][\/vc_row][vc_row row_type=&#8220;row&#8220; use_row_as_full_screen_section=&#8220;yes&#8220; type=&#8220;full_width&#8220; oblique_section=&#8220;no&#8220; text_align=&#8220;left&#8220; css_animation=&#8220;&#8220; box_shadow_on_row=&#8220;no&#8220;][vc_column][vc_separator type=&#8220;transparent&#8220; thickness=&#8220;50&#8243;][vc_column_text]<\/p>\n<h2 style=\"text-align: center;\"><strong>STIMMEN<\/strong><\/h2>\n<p>[\/vc_column_text][vc_separator type=&#8220;transparent&#8220; thickness=&#8220;50&#8243;][\/vc_column][\/vc_row][vc_row row_type=&#8220;parallax&#8220; type=&#8220;full_width&#8220; text_align=&#8220;center&#8220; background_image=&#8220;50645&#8243; full_screen_section_height=&#8220;no&#8220; triangle_shape=&#8220;no&#8220; triangle_shape_position=&#8220;both&#8220;][vc_column offset=&#8220;vc_col-lg-offset-2 vc_col-lg-8 vc_col-md-offset-1 vc_col-md-10 vc_col-sm-offset-1 vc_col-xs-12&#8243;][vc_separator type=&#8220;transparent&#8220; thickness=&#8220;120&#8243;]<div class='testimonials_holder clearfix'><div class=\"testimonials testimonials_carousel \" data-show-navigation=\"no\" data-show-navigation-arrows=\"no\" data-animation-speed=\"\" data-auto-rotate-slides=\"3\"><ul class=\"slides\"><li id=\"testimonials127\" class=\"testimonial_content center_align \"><div class=\"testimonial_content_inner\"><div class=\"testimonial_text_holder center_align\"><div class=\"testimonial_text_inner without_title\"><p class=\"testimonial_text\">E grozav sa te trezesti dimineata, sa iesi in curtea generoasa si sa-ti bei cafeaua cu o priveliste greu de gasit in alta parte \u2013 dincolo de zidurile fortificate se vede Tara Ovazului \u2013 Haferland iar daca-ti muti privirea spre dreapta vezi turnul bisericii evanghelice, cu care Casa Kraus e vecina. De altfel, pe cele doua nu le desparte decat o usa mica, veche si grea, din lemn innegrit de vreme pe care oaspetii casei pot sa intre si sa iasa ori de cate ori vor si mai multa liniste.<\/p><p class=\"testimonial_author\" style=\"\">- TravelGirls.ro<\/p><\/div><\/div><\/div><\/li><\/ul><\/div><\/div>[vc_separator type=&#8220;transparent&#8220; up=&#8220;80&#8243;][\/vc_column][\/vc_row][vc_row row_type=&#8220;row&#8220; use_row_as_full_screen_section=&#8220;no&#8220; type=&#8220;grid&#8220; oblique_section=&#8220;no&#8220; text_align=&#8220;left&#8220; background_color=&#8220;#eeeeee&#8220; padding_top=&#8220;86&#8243; css_animation=&#8220;&#8220; box_shadow_on_row=&#8220;no&#8220;][vc_column][vc_column_text]<\/p>\n<h2 style=\"text-align: center;\">KONTAKT<\/h2>\n<p>[\/vc_column_text][vc_separator type=&#8220;transparent&#8220; up=&#8220;32&#8243;][vc_single_image image=&#8220;51309&#8243; img_size=&#8220;full&#8220; alignment=&#8220;center&#8220; onclick=&#8220;custom_link&#8220; img_link_target=&#8220;_blank&#8220; qode_css_animation=&#8220;&#8220; link=&#8220;https:\/\/dev.casa-kraus.ro\/wp-content\/uploads\/2015\/12\/harta-final.jpg&#8220;][\/vc_column][\/vc_row][vc_row row_type=&#8220;row&#8220; use_row_as_full_screen_section=&#8220;no&#8220; type=&#8220;grid&#8220; oblique_section=&#8220;no&#8220; text_align=&#8220;left&#8220; background_image=&#8220;50676&#8243; padding_top=&#8220;90&#8243; padding_bottom=&#8220;100&#8243; css_animation=&#8220;&#8220; box_shadow_on_row=&#8220;no&#8220; triangle_shape=&#8220;no&#8220; triangle_shape_position=&#8220;both&#8220;][vc_column width=&#8220;1\/3&#8243;]<div class='q_icon_with_title  circle'><div class=\"icon_holder \" style=\"margin: 0 20px 0 0; \"><div class=\"icon_holder_inner\"><span class=\"q_font_elegant_holder circle  custom-font\" style=\"font-size: 16px;\"><span aria-hidden=\"true\" class=\"qode_icon_font_elegant icon_pin_alt icon_text_icon q_font_elegant_icon \" style=\"font-size: 16px;\" ><\/span><\/span><\/div><\/div><div class=\"icon_text_holder\" style=\"padding-left: 70px;\"><div class=\"icon_title_inner_holder\"><h3 class=\"icon_title \" style=\"\">ADRESSE<\/h3><\/div><div class=\"icon_text_inner\" style=\"\"><p style=''>Dorf Deutsch-Kreuz, Nr. 25, Gemeinde Bodendorf, Kreis Kronstadt.<\/p><\/div><\/div><\/div>[\/vc_column][vc_column width=&#8220;1\/3&#8243;]<div class='q_icon_with_title  circle'><div class=\"icon_holder \" style=\"margin: 0 20px 0 0; \"><div class=\"icon_holder_inner\"><span class=\"q_font_elegant_holder circle  custom-font\" style=\"font-size: 16px;\"><span aria-hidden=\"true\" class=\"qode_icon_font_elegant icon_phone icon_text_icon q_font_elegant_icon \" style=\"font-size: 16px;\" ><\/span><\/span><\/div><\/div><div class=\"icon_text_holder\" style=\"padding-left: 70px;\"><div class=\"icon_title_inner_holder\"><h3 class=\"icon_title \" style=\"\">TELEFON<\/h3><\/div><div class=\"icon_text_inner\" style=\"\"><p style=''>+40 372 117 003<\/p><\/div><\/div><\/div>[\/vc_column][vc_column width=&#8220;1\/3&#8243; el_class=&#8220;small-margin-top&#8220;]<div class='q_icon_with_title  circle'><div class=\"icon_holder \" style=\"margin: 0 20px 0 0; \"><div class=\"icon_holder_inner\"><span class=\"q_font_elegant_holder circle  custom-font\" style=\"font-size: 16px;\"><span aria-hidden=\"true\" class=\"qode_icon_font_elegant icon_mail_alt icon_text_icon q_font_elegant_icon \" style=\"font-size: 16px;\" ><\/span><\/span><\/div><\/div><div class=\"icon_text_holder\" style=\"padding-left: 70px;\"><div class=\"icon_title_inner_holder\"><h3 class=\"icon_title \" style=\"\">E-MAIL<\/h3><\/div><div class=\"icon_text_inner\" style=\"\"><p style=''><\/p><a class='icon_with_title_link' href='http:\/\/rezervari@casa-kraus.ro' target='_self' style=''>rezervari@casa-kraus.ro<\/a><\/div><\/div><\/div>[\/vc_column][\/vc_row]<\/p>\n","protected":false},"excerpt":{"rendered":"<p>[vc_row row_type=&#8220;row&#8220; use_row_as_full_screen_section=&#8220;no&#8220; type=&#8220;full_width&#8220; oblique_section=&#8220;no&#8220; text_align=&#8220;left&#8220; css_animation=&#8220;&#8220; box_shadow_on_row=&#8220;no&#8220;][vc_column css=&#8220;.vc_custom_1646258160187{margin-top: 0px !important;margin-bottom: 0px !important;padding-top: 10px !important;padding-bottom: 10px !important;background-color: #c0a97d !important;}&#8220;][vc_single_image image=&#8220;50907&#8243; img_size=&#8220;full&#8220; alignment=&#8220;center&#8220; onclick=&#8220;custom_link&#8220; qode_css_animation=&#8220;&#8220; link=&#8220;https:\/\/dev.casa-kraus.ro\/rezervare\/&#8220; css=&#8220;.vc_custom_1485336808961{margin-top: 0px !important;margin-bottom: 0px !important;padding-top: 0px !important;padding-bottom: 0px !important;background-color: #c0a97d !important;}&#8220;][\/vc_column][\/vc_row][vc_row row_type=&#8220;row&#8220; use_row_as_full_screen_section=&#8220;no&#8220; type=&#8220;full_width&#8220; oblique_section=&#8220;no&#8220; text_align=&#8220;center&#8220; background_color=&#8220;#efefef&#8220; padding_bottom=&#8220;50&#8243; css_animation=&#8220;&#8220; box_shadow_on_row=&#8220;no&#8220;&#8230;<\/p>\n","protected":false},"author":1,"featured_media":0,"parent":0,"menu_order":0,"comment_status":"open","ping_status":"open","template":"full_width.php","meta":{"spay_email":""},"yoast_head":"<!-- This site is optimized with the Yoast SEO plugin v18.1 - https:\/\/yoast.com\/wordpress\/plugins\/seo\/ -->\n<title>Startseite - Casa Kraus<\/title>\n<meta name=\"robots\" content=\"noindex, follow, max-snippet:-1, max-image-preview:large, max-video-preview:-1\" \/>\n<meta property=\"og:locale\" content=\"de_DE\" \/>\n<meta property=\"og:type\" content=\"article\" \/>\n<meta property=\"og:title\" content=\"Startseite - Casa Kraus\" \/>\n<meta property=\"og:description\" content=\"[vc_row row_type=&#8220;row&#8220; use_row_as_full_screen_section=&#8220;no&#8220; type=&#8220;full_width&#8220; oblique_section=&#8220;no&#8220; text_align=&#8220;left&#8220; css_animation=&#8220;&#8220; box_shadow_on_row=&#8220;no&#8220;][vc_column css=&#8220;.vc_custom_1646258160187{margin-top: 0px !important;margin-bottom: 0px !important;padding-top: 10px !important;padding-bottom: 10px !important;background-color: #c0a97d !important;}&#8220;][vc_single_image image=&#8220;50907&#8243; img_size=&#8220;full&#8220; alignment=&#8220;center&#8220; onclick=&#8220;custom_link&#8220; qode_css_animation=&#8220;&#8220; link=&#8220;https:\/\/dev.casa-kraus.ro\/rezervare\/&#8220; css=&#8220;.vc_custom_1485336808961{margin-top: 0px !important;margin-bottom: 0px !important;padding-top: 0px !important;padding-bottom: 0px !important;background-color: #c0a97d !important;}&#8220;][\/vc_column][\/vc_row][vc_row row_type=&#8220;row&#8220; use_row_as_full_screen_section=&#8220;no&#8220; type=&#8220;full_width&#8220; oblique_section=&#8220;no&#8220; text_align=&#8220;center&#8220; background_color=&#8220;#efefef&#8220; padding_bottom=&#8220;50&#8243; css_animation=&#8220;&#8220; box_shadow_on_row=&#8220;no&#8220;...\" \/>\n<meta property=\"og:url\" content=\"https:\/\/dev.casa-kraus.ro\/de\/\" \/>\n<meta property=\"og:site_name\" content=\"Casa Kraus\" \/>\n<meta property=\"article:publisher\" content=\"https:\/\/www.facebook.com\/casakrauscrit\/\" \/>\n<meta property=\"article:modified_time\" content=\"2022-03-10T17:57:48+00:00\" \/>\n<meta name=\"twitter:card\" content=\"summary\" \/>\n<meta name=\"twitter:label1\" content=\"Gesch\u00e4tzte Lesezeit\" \/>\n\t<meta name=\"twitter:data1\" content=\"3 Minuten\" \/>\n<script type=\"application\/ld+json\" class=\"yoast-schema-graph\">{\"@context\":\"https:\/\/schema.org\",\"@graph\":[{\"@type\":\"WebSite\",\"@id\":\"https:\/\/dev.casa-kraus.ro\/#website\",\"url\":\"https:\/\/dev.casa-kraus.ro\/\",\"name\":\"Casa Kraus\",\"description\":\"\",\"potentialAction\":[{\"@type\":\"SearchAction\",\"target\":{\"@type\":\"EntryPoint\",\"urlTemplate\":\"https:\/\/dev.casa-kraus.ro\/?s={search_term_string}\"},\"query-input\":\"required name=search_term_string\"}],\"inLanguage\":\"de-DE\"},{\"@type\":\"WebPage\",\"@id\":\"https:\/\/dev.casa-kraus.ro\/de\/#webpage\",\"url\":\"https:\/\/dev.casa-kraus.ro\/de\/\",\"name\":\"Startseite - Casa Kraus\",\"isPartOf\":{\"@id\":\"https:\/\/dev.casa-kraus.ro\/#website\"},\"datePublished\":\"2014-12-12T10:10:12+00:00\",\"dateModified\":\"2022-03-10T17:57:48+00:00\",\"breadcrumb\":{\"@id\":\"https:\/\/dev.casa-kraus.ro\/de\/#breadcrumb\"},\"inLanguage\":\"de-DE\",\"potentialAction\":[{\"@type\":\"ReadAction\",\"target\":[\"https:\/\/dev.casa-kraus.ro\/de\/\"]}]},{\"@type\":\"BreadcrumbList\",\"@id\":\"https:\/\/dev.casa-kraus.ro\/de\/#breadcrumb\",\"itemListElement\":[{\"@type\":\"ListItem\",\"position\":1,\"name\":\"Home\",\"item\":\"https:\/\/dev.casa-kraus.ro\/de\/\"},{\"@type\":\"ListItem\",\"position\":2,\"name\":\"Startseite\"}]}]}<\/script>\n<!-- \/ Yoast SEO plugin. -->","yoast_head_json":{"title":"Startseite - Casa Kraus","robots":{"index":"noindex","follow":"follow","max-snippet":"max-snippet:-1","max-image-preview":"max-image-preview:large","max-video-preview":"max-video-preview:-1"},"og_locale":"de_DE","og_type":"article","og_title":"Startseite - Casa Kraus","og_description":"[vc_row row_type=&#8220;row&#8220; use_row_as_full_screen_section=&#8220;no&#8220; type=&#8220;full_width&#8220; oblique_section=&#8220;no&#8220; text_align=&#8220;left&#8220; css_animation=&#8220;&#8220; box_shadow_on_row=&#8220;no&#8220;][vc_column css=&#8220;.vc_custom_1646258160187{margin-top: 0px !important;margin-bottom: 0px !important;padding-top: 10px !important;padding-bottom: 10px !important;background-color: #c0a97d !important;}&#8220;][vc_single_image image=&#8220;50907&#8243; img_size=&#8220;full&#8220; alignment=&#8220;center&#8220; onclick=&#8220;custom_link&#8220; qode_css_animation=&#8220;&#8220; link=&#8220;https:\/\/dev.casa-kraus.ro\/rezervare\/&#8220; css=&#8220;.vc_custom_1485336808961{margin-top: 0px !important;margin-bottom: 0px !important;padding-top: 0px !important;padding-bottom: 0px !important;background-color: #c0a97d !important;}&#8220;][\/vc_column][\/vc_row][vc_row row_type=&#8220;row&#8220; use_row_as_full_screen_section=&#8220;no&#8220; type=&#8220;full_width&#8220; oblique_section=&#8220;no&#8220; text_align=&#8220;center&#8220; background_color=&#8220;#efefef&#8220; padding_bottom=&#8220;50&#8243; css_animation=&#8220;&#8220; box_shadow_on_row=&#8220;no&#8220;...","og_url":"https:\/\/dev.casa-kraus.ro\/de\/","og_site_name":"Casa Kraus","article_publisher":"https:\/\/www.facebook.com\/casakrauscrit\/","article_modified_time":"2022-03-10T17:57:48+00:00","twitter_card":"summary","twitter_misc":{"Gesch\u00e4tzte Lesezeit":"3 Minuten"},"schema":{"@context":"https:\/\/schema.org","@graph":[{"@type":"WebSite","@id":"https:\/\/dev.casa-kraus.ro\/#website","url":"https:\/\/dev.casa-kraus.ro\/","name":"Casa Kraus","description":"","potentialAction":[{"@type":"SearchAction","target":{"@type":"EntryPoint","urlTemplate":"https:\/\/dev.casa-kraus.ro\/?s={search_term_string}"},"query-input":"required name=search_term_string"}],"inLanguage":"de-DE"},{"@type":"WebPage","@id":"https:\/\/dev.casa-kraus.ro\/de\/#webpage","url":"https:\/\/dev.casa-kraus.ro\/de\/","name":"Startseite - Casa Kraus","isPartOf":{"@id":"https:\/\/dev.casa-kraus.ro\/#website"},"datePublished":"2014-12-12T10:10:12+00:00","dateModified":"2022-03-10T17:57:48+00:00","breadcrumb":{"@id":"https:\/\/dev.casa-kraus.ro\/de\/#breadcrumb"},"inLanguage":"de-DE","potentialAction":[{"@type":"ReadAction","target":["https:\/\/dev.casa-kraus.ro\/de\/"]}]},{"@type":"BreadcrumbList","@id":"https:\/\/dev.casa-kraus.ro\/de\/#breadcrumb","itemListElement":[{"@type":"ListItem","position":1,"name":"Home","item":"https:\/\/dev.casa-kraus.ro\/de\/"},{"@type":"ListItem","position":2,"name":"Startseite"}]}]}},"jetpack_sharing_enabled":true,"jetpack_shortlink":"https:\/\/wp.me\/P70qVL-ds3","jetpack-related-posts":[],"_links":{"self":[{"href":"https:\/\/dev.casa-kraus.ro\/de\/wp-json\/wp\/v2\/pages\/51711"}],"collection":[{"href":"https:\/\/dev.casa-kraus.ro\/de\/wp-json\/wp\/v2\/pages"}],"about":[{"href":"https:\/\/dev.casa-kraus.ro\/de\/wp-json\/wp\/v2\/types\/page"}],"author":[{"embeddable":true,"href":"https:\/\/dev.casa-kraus.ro\/de\/wp-json\/wp\/v2\/users\/1"}],"replies":[{"embeddable":true,"href":"https:\/\/dev.casa-kraus.ro\/de\/wp-json\/wp\/v2\/comments?post=51711"}],"version-history":[{"count":6,"href":"https:\/\/dev.casa-kraus.ro\/de\/wp-json\/wp\/v2\/pages\/51711\/revisions"}],"predecessor-version":[{"id":51713,"href":"https:\/\/dev.casa-kraus.ro\/de\/wp-json\/wp\/v2\/pages\/51711\/revisions\/51713"}],"wp:attachment":[{"href":"https:\/\/dev.casa-kraus.ro\/de\/wp-json\/wp\/v2\/media?parent=51711"}],"curies":[{"name":"wp","href":"https:\/\/api.w.org\/{rel}","templated":true}]}}