{"id":51690,"date":"2022-03-10T08:46:10","date_gmt":"2022-03-10T08:46:10","guid":{"rendered":"https:\/\/dev.casa-kraus.ro\/camere\/"},"modified":"2022-03-10T20:22:38","modified_gmt":"2022-03-10T20:22:38","slug":"zimmer","status":"publish","type":"page","link":"https:\/\/dev.casa-kraus.ro\/de\/zimmer\/","title":{"rendered":"Zimmer"},"content":{"rendered":"<p>[vc_row row_type=&#8220;row&#8220; use_row_as_full_screen_section=&#8220;no&#8220; type=&#8220;full_width&#8220; oblique_section=&#8220;no&#8220; text_align=&#8220;left&#8220; css_animation=&#8220;&#8220; box_shadow_on_row=&#8220;no&#8220;][vc_column width=&#8220;1\/2&#8243; css=&#8220;.vc_custom_1646404945384{margin-bottom: 30px !important;}&#8220;]<div class=\"image_with_text left\"><img src=\"https:\/\/dev.casa-kraus.ro\/wp-content\/uploads\/2015\/12\/2015_11_Casa_Kraus_C_Hladi-9847-1.jpg\" alt=\"H\u00c4USCHEN \u2013 SOFIA FOLBERTH\" \/><h2 >H\u00c4USCHEN \u2013 SOFIA FOLBERTH<\/h2><span style=\"margin:0;\" class=\"separator transparent\"><\/span>Geh\u00f6rt zu Casa\u00a0Kraus, hat aber eine ausgepr\u00e4gte Pers\u00f6nlichkeit. So kann am besten das Sofia \u00a0Folberth \u00a0H\u00e4uschen beschrieben werden, das sich im Innenhof des Gasthauses befindet.<\/div><a href=\"https:\/\/dev.casa-kraus.ro\/de\/hauschen-sofia-folberth\/\" target=\"_self\"  class=\"qbutton  icon_right\" style=\"border-width: 0px; margin: 5px 0 0 0; \">Zeig mehr<\/a>[\/vc_column][vc_column width=&#8220;1\/2&#8243; css=&#8220;.vc_custom_1646404951573{margin-bottom: 30px !important;}&#8220;]<div class=\"image_with_text left\"><img src=\"https:\/\/dev.casa-kraus.ro\/wp-content\/uploads\/2016\/02\/JK-4.jpg\" alt=\"JOHANN KRAUS\" \/><h2 >JOHANN KRAUS<\/h2><span style=\"margin:0;\" class=\"separator transparent\"><\/span>Wussten Sie, dass der Name des Hauses Kraus von dem Priester Johann Kraus kommt, der in dem Pfarrhaus wohnte, nach dessen Pl\u00e4nen das heutige Geb\u00e4ude errichtet wurde?<\/div><a href=\"https:\/\/dev.casa-kraus.ro\/de\/zimmer-3-johann-kraus\/\" target=\"_self\"  class=\"qbutton  icon_right\" style=\"border-width: 0px; margin: 5px 0 0 0; \">Zeig mehr<\/a>[\/vc_column][\/vc_row][vc_row row_type=&#8220;row&#8220; use_row_as_full_screen_section=&#8220;no&#8220; type=&#8220;full_width&#8220; oblique_section=&#8220;no&#8220; text_align=&#8220;left&#8220; css_animation=&#8220;&#8220; box_shadow_on_row=&#8220;no&#8220;][vc_column width=&#8220;1\/2&#8243; css=&#8220;.vc_custom_1646404970613{margin-bottom: 30px !important;}&#8220;]<div class=\"image_with_text left\"><img src=\"https:\/\/dev.casa-kraus.ro\/wp-content\/uploads\/2016\/02\/HO-3.jpg\" alt=\"HERMANN OBERTH\" \/><h2 >HERMANN OBERTH<\/h2><span style=\"margin:0;\" class=\"separator transparent\"><\/span>Hermann Oberth wurde in einer s\u00e4chsischen Familie geboren, war schon als Kind von der Wissenschaft fasziniert, so dass dieses Zimmer von seinen Experimenten inspiriert ist. Als er noch Sch\u00fcler\u00a0 war, baute der junge Hermann \u00a0als 14 j\u00e4hriges Kind das erste Modell einer Rakete und wurde zu einem der Gr\u00fcndungsv\u00e4ter der Raketen und der Raumfahrt.<\/div><a href=\"https:\/\/dev.casa-kraus.ro\/de\/zimmer-4-hermann-oberth\/\" target=\"_self\"  class=\"qbutton  icon_right\" style=\"border-width: 0px; margin: 5px 0 0 0; \">Zeig mehr<\/a>[\/vc_column][vc_column width=&#8220;1\/2&#8243; css=&#8220;.vc_custom_1646404978706{margin-bottom: 30px !important;}&#8220;]<div class=\"image_with_text left\"><img src=\"https:\/\/dev.casa-kraus.ro\/wp-content\/uploads\/2016\/02\/SB6.jpg\" alt=\"SAMUEL VON BRUCKENTHAL\" \/><h2 >SAMUEL VON BRUCKENTHAL<\/h2><span style=\"margin:0;\" class=\"separator transparent\"><\/span>Gouverneur \u00a0von \u00a0Siebenb\u00fcrgen, vielleicht eine der wichtigsten kulturellen und politischen Pers\u00f6nlichkeiten des Gebietes im Westen des Landes, Brukenthal war ein s\u00e4chsischer Jurist, Gouverneur von Siebenb\u00fcrgen, Kunstsammler und Gr\u00fcnder des Museums aus Hermannstadt, der seinen Namen tr\u00e4gt.<\/div><a href=\"https:\/\/dev.casa-kraus.ro\/de\/zimmer-5-samuel-von-bruckenthal\/\" target=\"_self\"  class=\"qbutton  icon_right\" style=\"border-width: 0px; margin: 5px 0 0 0; \">Zeig mehr<\/a>[\/vc_column][\/vc_row][vc_row row_type=&#8220;row&#8220; use_row_as_full_screen_section=&#8220;no&#8220; type=&#8220;full_width&#8220; oblique_section=&#8220;no&#8220; text_align=&#8220;left&#8220; css_animation=&#8220;&#8220; box_shadow_on_row=&#8220;no&#8220;][vc_column width=&#8220;1\/2&#8243; css=&#8220;.vc_custom_1646405038846{margin-bottom: 30px !important;}&#8220;]<div class=\"image_with_text left\"><img src=\"https:\/\/dev.casa-kraus.ro\/wp-content\/uploads\/2016\/02\/LR-4.jpg\" alt=\"STEPHAN LUDWIG ROTH\" \/><h2 >STEPHAN LUDWIG ROTH<\/h2><span style=\"margin:0;\" class=\"separator transparent\"><\/span>Humanistischer Denker, Historiker, Professor und\u00a0 lutherischer Pastor aus Siebenb\u00fcrgen , ist Roth eine der aktiven Figuren der s\u00e4chsischen Intelligenz, und das Zimmer, das Ihm gewidmet ist, l\u00e4dt zur Meditation ein, in einer warmen Atmosph\u00e4re.<\/div><a href=\"https:\/\/dev.casa-kraus.ro\/de\/zimmer-6-stephan-ludwig-roth\/\" target=\"_self\"  class=\"qbutton  icon_right\" style=\"border-width: 0px; margin: 5px 0 0 0; \">Zeig mehr<\/a>[\/vc_column][vc_column width=&#8220;1\/2&#8243; css=&#8220;.vc_custom_1646405047192{margin-bottom: 30px !important;}&#8220;]<div class=\"image_with_text left\"><img src=\"https:\/\/dev.casa-kraus.ro\/wp-content\/uploads\/2015\/12\/2015_11_Casa_Kraus_C_Hladi-9847-1.jpg\" alt=\"JOHANNES HONTERUS\" \/><h2 >JOHANNES HONTERUS<\/h2><span style=\"margin:0;\" class=\"separator transparent\"><\/span>Johannes Honterus\u00a0 war Reformator der Siebenb\u00fcrger Sachsen und Gr\u00fcnder des s\u00e4chsischen Gymnasiums\u00a0 aus dem Hof \u200b\u200bder schwarzen Kirche in Kronstadt.<\/div><a href=\"https:\/\/dev.casa-kraus.ro\/de\/zimmer-johannes-honterus\/\" target=\"_self\"  class=\"qbutton  icon_right\" style=\"border-width: 0px; margin: 5px 0 0 0; \">Zeig mehr<\/a>[\/vc_column][\/vc_row][vc_row row_type=&#8220;row&#8220; use_row_as_full_screen_section=&#8220;no&#8220; type=&#8220;full_width&#8220; oblique_section=&#8220;no&#8220; text_align=&#8220;left&#8220; css_animation=&#8220;&#8220; box_shadow_on_row=&#8220;no&#8220;][vc_column width=&#8220;1\/2&#8243; css=&#8220;.vc_custom_1646405059898{margin-bottom: 30px !important;}&#8220;]<div class=\"image_with_text left\"><img src=\"https:\/\/dev.casa-kraus.ro\/wp-content\/uploads\/2016\/02\/CW-5.jpg\" alt=\"CARL WOLFF\" \/><h2 >CARL WOLFF<\/h2><span style=\"margin:0;\" class=\"separator transparent\"><\/span>Carl Wolff war ein s\u00e4chsischer Volkswirt, Journalist und Politiker aus Siebenb\u00fcrgen.<\/div><a href=\"https:\/\/dev.casa-kraus.ro\/de\/zimmer-8-carl-wolff\/\" target=\"_self\"  class=\"qbutton  icon_right\" style=\"border-width: 0px; margin: 5px 0 0 0; \">Zeig mehr<\/a>[\/vc_column][vc_column width=&#8220;1\/2&#8243; css=&#8220;.vc_custom_1646405000936{margin-bottom: 30px !important;}&#8220;]<div class=\"image_with_text left\"><img src=\"https:\/\/dev.casa-kraus.ro\/wp-content\/uploads\/2016\/02\/FZ-2.jpg\" alt=\"FRANZ BINDER\" \/><h2 >FRANZ BINDER<\/h2><span style=\"margin:0;\" class=\"separator transparent\"><\/span>Franz Binder ist im s\u00e4chsischen Gebiet geboren und schrieb\u00a0 das Buch \u201c<em>\u00a0\u00dcber alle sieben Meere<\/em>\u201c, basiert auf sein Reisetagebuch.<\/div><a href=\"https:\/\/dev.casa-kraus.ro\/de\/zimmer-9-franz-binder\/\" target=\"_self\"  class=\"qbutton  icon_right\" style=\"border-width: 0px; margin: 5px 0 0 0; \">Zeig mehr<\/a>[\/vc_column][\/vc_row][vc_row row_type=&#8220;row&#8220; use_row_as_full_screen_section=&#8220;no&#8220; type=&#8220;full_width&#8220; oblique_section=&#8220;no&#8220; text_align=&#8220;left&#8220; css_animation=&#8220;&#8220; box_shadow_on_row=&#8220;no&#8220;][vc_column width=&#8220;1\/2&#8243; css=&#8220;.vc_custom_1646405059898{margin-bottom: 30px !important;}&#8220;]<div class=\"image_with_text left\"><img src=\"https:\/\/dev.casa-kraus.ro\/wp-content\/uploads\/2022\/03\/AS-3.jpg\" alt=\"ANNA SCHULLER\" \/><h2 >ANNA SCHULLER<\/h2><span style=\"margin:0;\" class=\"separator transparent\"><\/span>Kinder m\u00f6gen die Geschichten vor der Schlafenszeit, so dass das einzige Zimmer in der Pension, wo die Kinder allein schlafen k\u00f6nnen \u00a0nach einer der ersten &#8230;<\/div><a href=\"https:\/\/dev.casa-kraus.ro\/de\/zimmer-1-anna-schuller\/\" target=\"_self\"  class=\"qbutton  icon_right\" style=\"border-width: 0px; margin: 5px 0 0 0; \">Zeig mehr<\/a>[\/vc_column][vc_column width=&#8220;1\/2&#8243; css=&#8220;.vc_custom_1646405000936{margin-bottom: 30px !important;}&#8220;][\/vc_column][\/vc_row][vc_row row_type=&#8220;row&#8220; use_row_as_full_screen_section=&#8220;no&#8220; type=&#8220;full_width&#8220; oblique_section=&#8220;no&#8220; text_align=&#8220;left&#8220; css_animation=&#8220;&#8220; box_shadow_on_row=&#8220;no&#8220;][vc_column][vc_empty_space height=&#8220;50px&#8220; image_repeat=&#8220;no-repeat&#8220;][\/vc_column][\/vc_row]<\/p>\n","protected":false},"excerpt":{"rendered":"<p>[vc_row row_type=&#8220;row&#8220; use_row_as_full_screen_section=&#8220;no&#8220; type=&#8220;full_width&#8220; oblique_section=&#8220;no&#8220; text_align=&#8220;left&#8220; css_animation=&#8220;&#8220; box_shadow_on_row=&#8220;no&#8220;][vc_column width=&#8220;1\/2&#8243; css=&#8220;.vc_custom_1646404945384{margin-bottom: 30px !important;}&#8220;][\/vc_column][vc_column width=&#8220;1\/2&#8243; css=&#8220;.vc_custom_1646404951573{margin-bottom: 30px !important;}&#8220;][\/vc_column][\/vc_row][vc_row row_type=&#8220;row&#8220; use_row_as_full_screen_section=&#8220;no&#8220; type=&#8220;full_width&#8220; oblique_section=&#8220;no&#8220; text_align=&#8220;left&#8220; css_animation=&#8220;&#8220; box_shadow_on_row=&#8220;no&#8220;][vc_column width=&#8220;1\/2&#8243; css=&#8220;.vc_custom_1646404970613{margin-bottom: 30px !important;}&#8220;][\/vc_column][vc_column width=&#8220;1\/2&#8243; css=&#8220;.vc_custom_1646404978706{margin-bottom: 30px !important;}&#8220;][\/vc_column][\/vc_row][vc_row row_type=&#8220;row&#8220; use_row_as_full_screen_section=&#8220;no&#8220; type=&#8220;full_width&#8220; oblique_section=&#8220;no&#8220; text_align=&#8220;left&#8220; css_animation=&#8220;&#8220; box_shadow_on_row=&#8220;no&#8220;][vc_column width=&#8220;1\/2&#8243; css=&#8220;.vc_custom_1646405038846{margin-bottom: 30px !important;}&#8220;][\/vc_column][vc_column width=&#8220;1\/2&#8243; css=&#8220;.vc_custom_1646405047192{margin-bottom: 30px&#8230;<\/p>\n","protected":false},"author":1,"featured_media":0,"parent":0,"menu_order":0,"comment_status":"closed","ping_status":"closed","template":"","meta":{"spay_email":""},"yoast_head":"<!-- This site is optimized with the Yoast SEO plugin v18.1 - https:\/\/yoast.com\/wordpress\/plugins\/seo\/ -->\n<title>Zimmer - Casa Kraus<\/title>\n<meta name=\"robots\" content=\"noindex, follow, max-snippet:-1, max-image-preview:large, max-video-preview:-1\" \/>\n<meta property=\"og:locale\" content=\"de_DE\" \/>\n<meta property=\"og:type\" content=\"article\" \/>\n<meta property=\"og:title\" content=\"Zimmer - Casa Kraus\" \/>\n<meta property=\"og:description\" content=\"[vc_row row_type=&#8220;row&#8220; use_row_as_full_screen_section=&#8220;no&#8220; type=&#8220;full_width&#8220; oblique_section=&#8220;no&#8220; text_align=&#8220;left&#8220; css_animation=&#8220;&#8220; box_shadow_on_row=&#8220;no&#8220;][vc_column width=&#8220;1\/2&#8243; css=&#8220;.vc_custom_1646404945384{margin-bottom: 30px !important;}&#8220;][\/vc_column][vc_column width=&#8220;1\/2&#8243; css=&#8220;.vc_custom_1646404951573{margin-bottom: 30px !important;}&#8220;][\/vc_column][\/vc_row][vc_row row_type=&#8220;row&#8220; use_row_as_full_screen_section=&#8220;no&#8220; type=&#8220;full_width&#8220; oblique_section=&#8220;no&#8220; text_align=&#8220;left&#8220; css_animation=&#8220;&#8220; box_shadow_on_row=&#8220;no&#8220;][vc_column width=&#8220;1\/2&#8243; css=&#8220;.vc_custom_1646404970613{margin-bottom: 30px !important;}&#8220;][\/vc_column][vc_column width=&#8220;1\/2&#8243; css=&#8220;.vc_custom_1646404978706{margin-bottom: 30px !important;}&#8220;][\/vc_column][\/vc_row][vc_row row_type=&#8220;row&#8220; use_row_as_full_screen_section=&#8220;no&#8220; type=&#8220;full_width&#8220; oblique_section=&#8220;no&#8220; text_align=&#8220;left&#8220; css_animation=&#8220;&#8220; box_shadow_on_row=&#8220;no&#8220;][vc_column width=&#8220;1\/2&#8243; css=&#8220;.vc_custom_1646405038846{margin-bottom: 30px !important;}&#8220;][\/vc_column][vc_column width=&#8220;1\/2&#8243; css=&#8220;.vc_custom_1646405047192{margin-bottom: 30px...\" \/>\n<meta property=\"og:url\" content=\"https:\/\/dev.casa-kraus.ro\/de\/zimmer\/\" \/>\n<meta property=\"og:site_name\" content=\"Casa Kraus\" \/>\n<meta property=\"article:publisher\" content=\"https:\/\/www.facebook.com\/casakrauscrit\/\" \/>\n<meta property=\"article:modified_time\" content=\"2022-03-10T20:22:38+00:00\" \/>\n<meta name=\"twitter:card\" content=\"summary\" \/>\n<meta name=\"twitter:label1\" content=\"Gesch\u00e4tzte Lesezeit\" \/>\n\t<meta name=\"twitter:data1\" content=\"3 Minuten\" \/>\n<script type=\"application\/ld+json\" class=\"yoast-schema-graph\">{\"@context\":\"https:\/\/schema.org\",\"@graph\":[{\"@type\":\"WebSite\",\"@id\":\"https:\/\/dev.casa-kraus.ro\/#website\",\"url\":\"https:\/\/dev.casa-kraus.ro\/\",\"name\":\"Casa Kraus\",\"description\":\"\",\"potentialAction\":[{\"@type\":\"SearchAction\",\"target\":{\"@type\":\"EntryPoint\",\"urlTemplate\":\"https:\/\/dev.casa-kraus.ro\/?s={search_term_string}\"},\"query-input\":\"required name=search_term_string\"}],\"inLanguage\":\"de-DE\"},{\"@type\":\"WebPage\",\"@id\":\"https:\/\/dev.casa-kraus.ro\/de\/zimmer\/#webpage\",\"url\":\"https:\/\/dev.casa-kraus.ro\/de\/zimmer\/\",\"name\":\"Zimmer - Casa Kraus\",\"isPartOf\":{\"@id\":\"https:\/\/dev.casa-kraus.ro\/#website\"},\"datePublished\":\"2022-03-10T08:46:10+00:00\",\"dateModified\":\"2022-03-10T20:22:38+00:00\",\"breadcrumb\":{\"@id\":\"https:\/\/dev.casa-kraus.ro\/de\/zimmer\/#breadcrumb\"},\"inLanguage\":\"de-DE\",\"potentialAction\":[{\"@type\":\"ReadAction\",\"target\":[\"https:\/\/dev.casa-kraus.ro\/de\/zimmer\/\"]}]},{\"@type\":\"BreadcrumbList\",\"@id\":\"https:\/\/dev.casa-kraus.ro\/de\/zimmer\/#breadcrumb\",\"itemListElement\":[{\"@type\":\"ListItem\",\"position\":1,\"name\":\"Home\",\"item\":\"https:\/\/dev.casa-kraus.ro\/de\/\"},{\"@type\":\"ListItem\",\"position\":2,\"name\":\"Zimmer\"}]}]}<\/script>\n<!-- \/ Yoast SEO plugin. -->","yoast_head_json":{"title":"Zimmer - Casa Kraus","robots":{"index":"noindex","follow":"follow","max-snippet":"max-snippet:-1","max-image-preview":"max-image-preview:large","max-video-preview":"max-video-preview:-1"},"og_locale":"de_DE","og_type":"article","og_title":"Zimmer - Casa Kraus","og_description":"[vc_row row_type=&#8220;row&#8220; use_row_as_full_screen_section=&#8220;no&#8220; type=&#8220;full_width&#8220; oblique_section=&#8220;no&#8220; text_align=&#8220;left&#8220; css_animation=&#8220;&#8220; box_shadow_on_row=&#8220;no&#8220;][vc_column width=&#8220;1\/2&#8243; css=&#8220;.vc_custom_1646404945384{margin-bottom: 30px !important;}&#8220;][\/vc_column][vc_column width=&#8220;1\/2&#8243; css=&#8220;.vc_custom_1646404951573{margin-bottom: 30px !important;}&#8220;][\/vc_column][\/vc_row][vc_row row_type=&#8220;row&#8220; use_row_as_full_screen_section=&#8220;no&#8220; type=&#8220;full_width&#8220; oblique_section=&#8220;no&#8220; text_align=&#8220;left&#8220; css_animation=&#8220;&#8220; box_shadow_on_row=&#8220;no&#8220;][vc_column width=&#8220;1\/2&#8243; css=&#8220;.vc_custom_1646404970613{margin-bottom: 30px !important;}&#8220;][\/vc_column][vc_column width=&#8220;1\/2&#8243; css=&#8220;.vc_custom_1646404978706{margin-bottom: 30px !important;}&#8220;][\/vc_column][\/vc_row][vc_row row_type=&#8220;row&#8220; use_row_as_full_screen_section=&#8220;no&#8220; type=&#8220;full_width&#8220; oblique_section=&#8220;no&#8220; text_align=&#8220;left&#8220; css_animation=&#8220;&#8220; box_shadow_on_row=&#8220;no&#8220;][vc_column width=&#8220;1\/2&#8243; css=&#8220;.vc_custom_1646405038846{margin-bottom: 30px !important;}&#8220;][\/vc_column][vc_column width=&#8220;1\/2&#8243; css=&#8220;.vc_custom_1646405047192{margin-bottom: 30px...","og_url":"https:\/\/dev.casa-kraus.ro\/de\/zimmer\/","og_site_name":"Casa Kraus","article_publisher":"https:\/\/www.facebook.com\/casakrauscrit\/","article_modified_time":"2022-03-10T20:22:38+00:00","twitter_card":"summary","twitter_misc":{"Gesch\u00e4tzte Lesezeit":"3 Minuten"},"schema":{"@context":"https:\/\/schema.org","@graph":[{"@type":"WebSite","@id":"https:\/\/dev.casa-kraus.ro\/#website","url":"https:\/\/dev.casa-kraus.ro\/","name":"Casa Kraus","description":"","potentialAction":[{"@type":"SearchAction","target":{"@type":"EntryPoint","urlTemplate":"https:\/\/dev.casa-kraus.ro\/?s={search_term_string}"},"query-input":"required name=search_term_string"}],"inLanguage":"de-DE"},{"@type":"WebPage","@id":"https:\/\/dev.casa-kraus.ro\/de\/zimmer\/#webpage","url":"https:\/\/dev.casa-kraus.ro\/de\/zimmer\/","name":"Zimmer - Casa Kraus","isPartOf":{"@id":"https:\/\/dev.casa-kraus.ro\/#website"},"datePublished":"2022-03-10T08:46:10+00:00","dateModified":"2022-03-10T20:22:38+00:00","breadcrumb":{"@id":"https:\/\/dev.casa-kraus.ro\/de\/zimmer\/#breadcrumb"},"inLanguage":"de-DE","potentialAction":[{"@type":"ReadAction","target":["https:\/\/dev.casa-kraus.ro\/de\/zimmer\/"]}]},{"@type":"BreadcrumbList","@id":"https:\/\/dev.casa-kraus.ro\/de\/zimmer\/#breadcrumb","itemListElement":[{"@type":"ListItem","position":1,"name":"Home","item":"https:\/\/dev.casa-kraus.ro\/de\/"},{"@type":"ListItem","position":2,"name":"Zimmer"}]}]}},"jetpack_sharing_enabled":true,"jetpack_shortlink":"https:\/\/wp.me\/P70qVL-drI","jetpack-related-posts":[],"_links":{"self":[{"href":"https:\/\/dev.casa-kraus.ro\/de\/wp-json\/wp\/v2\/pages\/51690"}],"collection":[{"href":"https:\/\/dev.casa-kraus.ro\/de\/wp-json\/wp\/v2\/pages"}],"about":[{"href":"https:\/\/dev.casa-kraus.ro\/de\/wp-json\/wp\/v2\/types\/page"}],"author":[{"embeddable":true,"href":"https:\/\/dev.casa-kraus.ro\/de\/wp-json\/wp\/v2\/users\/1"}],"replies":[{"embeddable":true,"href":"https:\/\/dev.casa-kraus.ro\/de\/wp-json\/wp\/v2\/comments?post=51690"}],"version-history":[{"count":4,"href":"https:\/\/dev.casa-kraus.ro\/de\/wp-json\/wp\/v2\/pages\/51690\/revisions"}],"predecessor-version":[{"id":52018,"href":"https:\/\/dev.casa-kraus.ro\/de\/wp-json\/wp\/v2\/pages\/51690\/revisions\/52018"}],"wp:attachment":[{"href":"https:\/\/dev.casa-kraus.ro\/de\/wp-json\/wp\/v2\/media?parent=51690"}],"curies":[{"name":"wp","href":"https:\/\/api.w.org\/{rel}","templated":true}]}}