{"id":51661,"date":"2022-03-10T08:43:03","date_gmt":"2022-03-10T08:43:03","guid":{"rendered":"https:\/\/dev.casa-kraus.ro\/activitati\/"},"modified":"2022-03-10T13:57:51","modified_gmt":"2022-03-10T13:57:51","slug":"activitaten","status":"publish","type":"page","link":"https:\/\/dev.casa-kraus.ro\/de\/activitaten\/","title":{"rendered":"Aktivit\u00e4ten"},"content":{"rendered":"<p>[vc_row row_type=&#8220;row&#8220; use_row_as_full_screen_section=&#8220;no&#8220; type=&#8220;full_width&#8220; oblique_section=&#8220;no&#8220; text_align=&#8220;left&#8220; css_animation=&#8220;&#8220; box_shadow_on_row=&#8220;no&#8220;][vc_column][vc_column_text]<\/p>\n<p style=\"text-align: center;\">Die Sachsen sind flei\u00dfige Menschen, die nicht gerne tatenlos herumsitzen und unsere G\u00e4ste, die das s\u00e4chsische Lebensgef\u00fchl genau erleben wollen, haben daher viele Aktivit\u00e4ten zur Auswahl.<\/p>\n<p style=\"text-align: center;\">Lasst uns zusammen entdecken, was wir im Herzen von Siebenb\u00fcrgen unternehmen k\u00f6nnen!<\/p>\n<p style=\"text-align: center;\">Die Aktivit\u00e4ten k\u00f6nnen nur in Gruppen von mindestens 5 Personen durchgef\u00fchrt werden und diese sollten mindestens zwei Tage vorher angefordert werden! \ud83d\ude42<\/p>\n<p><img data-attachment-id=\"51663\" data-permalink=\"https:\/\/dev.casa-kraus.ro\/de\/activitaten\/lichiu-1-1\/\" data-orig-file=\"https:\/\/dev.casa-kraus.ro\/wp-content\/uploads\/2022\/03\/lichiu-1-1.jpg\" data-orig-size=\"1180,459\" data-comments-opened=\"1\" data-image-meta=\"{&quot;aperture&quot;:&quot;0&quot;,&quot;credit&quot;:&quot;&quot;,&quot;camera&quot;:&quot;&quot;,&quot;caption&quot;:&quot;&quot;,&quot;created_timestamp&quot;:&quot;0&quot;,&quot;copyright&quot;:&quot;&quot;,&quot;focal_length&quot;:&quot;0&quot;,&quot;iso&quot;:&quot;0&quot;,&quot;shutter_speed&quot;:&quot;0&quot;,&quot;title&quot;:&quot;&quot;,&quot;orientation&quot;:&quot;0&quot;}\" data-image-title=\"lichiu-1-1\" data-image-description=\"\" data-image-caption=\"\" data-medium-file=\"https:\/\/dev.casa-kraus.ro\/wp-content\/uploads\/2022\/03\/lichiu-1-1-600x233.jpg\" data-large-file=\"https:\/\/dev.casa-kraus.ro\/wp-content\/uploads\/2022\/03\/lichiu-1-1.jpg\" loading=\"lazy\" class=\"aligncenter wp-image-51663 size-full\" src=\"https:\/\/dev.casa-kraus.ro\/wp-content\/uploads\/2022\/03\/lichiu-1-1.jpg\" alt=\"\" width=\"1180\" height=\"459\" srcset=\"https:\/\/dev.casa-kraus.ro\/wp-content\/uploads\/2022\/03\/lichiu-1-1.jpg 1180w, https:\/\/dev.casa-kraus.ro\/wp-content\/uploads\/2022\/03\/lichiu-1-1-600x233.jpg 600w, https:\/\/dev.casa-kraus.ro\/wp-content\/uploads\/2022\/03\/lichiu-1-1-700x272.jpg 700w\" sizes=\"(max-width: 1180px) 100vw, 1180px\" \/><\/p>\n<p><img data-attachment-id=\"51666\" data-permalink=\"https:\/\/dev.casa-kraus.ro\/de\/activitaten\/botosi-1\/\" data-orig-file=\"https:\/\/dev.casa-kraus.ro\/wp-content\/uploads\/2022\/03\/botosi-1.jpg\" data-orig-size=\"1180,459\" data-comments-opened=\"1\" data-image-meta=\"{&quot;aperture&quot;:&quot;0&quot;,&quot;credit&quot;:&quot;&quot;,&quot;camera&quot;:&quot;&quot;,&quot;caption&quot;:&quot;&quot;,&quot;created_timestamp&quot;:&quot;0&quot;,&quot;copyright&quot;:&quot;&quot;,&quot;focal_length&quot;:&quot;0&quot;,&quot;iso&quot;:&quot;0&quot;,&quot;shutter_speed&quot;:&quot;0&quot;,&quot;title&quot;:&quot;&quot;,&quot;orientation&quot;:&quot;0&quot;}\" data-image-title=\"botosi-1\" data-image-description=\"\" data-image-caption=\"\" data-medium-file=\"https:\/\/dev.casa-kraus.ro\/wp-content\/uploads\/2022\/03\/botosi-1-600x233.jpg\" data-large-file=\"https:\/\/dev.casa-kraus.ro\/wp-content\/uploads\/2022\/03\/botosi-1.jpg\" loading=\"lazy\" class=\"aligncenter wp-image-51666 size-full\" src=\"https:\/\/dev.casa-kraus.ro\/wp-content\/uploads\/2022\/03\/botosi-1.jpg\" alt=\"\" width=\"1180\" height=\"459\" srcset=\"https:\/\/dev.casa-kraus.ro\/wp-content\/uploads\/2022\/03\/botosi-1.jpg 1180w, https:\/\/dev.casa-kraus.ro\/wp-content\/uploads\/2022\/03\/botosi-1-600x233.jpg 600w, https:\/\/dev.casa-kraus.ro\/wp-content\/uploads\/2022\/03\/botosi-1-700x272.jpg 700w\" sizes=\"(max-width: 1180px) 100vw, 1180px\" \/><\/p>\n<p><img data-attachment-id=\"51672\" data-permalink=\"https:\/\/dev.casa-kraus.ro\/de\/activitaten\/orga-1-1\/\" data-orig-file=\"https:\/\/dev.casa-kraus.ro\/wp-content\/uploads\/2022\/03\/orga-1-1.jpg\" data-orig-size=\"1181,459\" data-comments-opened=\"1\" data-image-meta=\"{&quot;aperture&quot;:&quot;0&quot;,&quot;credit&quot;:&quot;&quot;,&quot;camera&quot;:&quot;&quot;,&quot;caption&quot;:&quot;&quot;,&quot;created_timestamp&quot;:&quot;0&quot;,&quot;copyright&quot;:&quot;&quot;,&quot;focal_length&quot;:&quot;0&quot;,&quot;iso&quot;:&quot;0&quot;,&quot;shutter_speed&quot;:&quot;0&quot;,&quot;title&quot;:&quot;&quot;,&quot;orientation&quot;:&quot;0&quot;}\" data-image-title=\"orga-1-1\" data-image-description=\"\" data-image-caption=\"\" data-medium-file=\"https:\/\/dev.casa-kraus.ro\/wp-content\/uploads\/2022\/03\/orga-1-1-600x233.jpg\" data-large-file=\"https:\/\/dev.casa-kraus.ro\/wp-content\/uploads\/2022\/03\/orga-1-1.jpg\" loading=\"lazy\" class=\"aligncenter wp-image-51672 size-full\" src=\"https:\/\/dev.casa-kraus.ro\/wp-content\/uploads\/2022\/03\/orga-1-1.jpg\" alt=\"\" width=\"1181\" height=\"459\" srcset=\"https:\/\/dev.casa-kraus.ro\/wp-content\/uploads\/2022\/03\/orga-1-1.jpg 1181w, https:\/\/dev.casa-kraus.ro\/wp-content\/uploads\/2022\/03\/orga-1-1-600x233.jpg 600w, https:\/\/dev.casa-kraus.ro\/wp-content\/uploads\/2022\/03\/orga-1-1-700x272.jpg 700w\" sizes=\"(max-width: 1181px) 100vw, 1181px\" \/><\/p>\n<p><img data-attachment-id=\"51675\" data-permalink=\"https:\/\/dev.casa-kraus.ro\/de\/activitaten\/alte-activitati-1\/\" data-orig-file=\"https:\/\/dev.casa-kraus.ro\/wp-content\/uploads\/2022\/03\/alte-activitati-1.jpg\" data-orig-size=\"1180,459\" data-comments-opened=\"1\" data-image-meta=\"{&quot;aperture&quot;:&quot;0&quot;,&quot;credit&quot;:&quot;&quot;,&quot;camera&quot;:&quot;&quot;,&quot;caption&quot;:&quot;&quot;,&quot;created_timestamp&quot;:&quot;0&quot;,&quot;copyright&quot;:&quot;&quot;,&quot;focal_length&quot;:&quot;0&quot;,&quot;iso&quot;:&quot;0&quot;,&quot;shutter_speed&quot;:&quot;0&quot;,&quot;title&quot;:&quot;&quot;,&quot;orientation&quot;:&quot;0&quot;}\" data-image-title=\"alte-activitati-1\" data-image-description=\"\" data-image-caption=\"\" data-medium-file=\"https:\/\/dev.casa-kraus.ro\/wp-content\/uploads\/2022\/03\/alte-activitati-1-600x233.jpg\" data-large-file=\"https:\/\/dev.casa-kraus.ro\/wp-content\/uploads\/2022\/03\/alte-activitati-1.jpg\" loading=\"lazy\" class=\"aligncenter wp-image-51675 size-full\" src=\"https:\/\/dev.casa-kraus.ro\/wp-content\/uploads\/2022\/03\/alte-activitati-1.jpg\" alt=\"\" width=\"1180\" height=\"459\" srcset=\"https:\/\/dev.casa-kraus.ro\/wp-content\/uploads\/2022\/03\/alte-activitati-1.jpg 1180w, https:\/\/dev.casa-kraus.ro\/wp-content\/uploads\/2022\/03\/alte-activitati-1-600x233.jpg 600w, https:\/\/dev.casa-kraus.ro\/wp-content\/uploads\/2022\/03\/alte-activitati-1-700x272.jpg 700w\" sizes=\"(max-width: 1180px) 100vw, 1180px\" \/><\/p>\n","protected":false},"excerpt":{"rendered":"<p>[vc_row row_type=&#8220;row&#8220; use_row_as_full_screen_section=&#8220;no&#8220; type=&#8220;full_width&#8220; oblique_section=&#8220;no&#8220; text_align=&#8220;left&#8220; css_animation=&#8220;&#8220; box_shadow_on_row=&#8220;no&#8220;][vc_column][vc_column_text] Die Sachsen sind flei\u00dfige Menschen, die nicht gerne tatenlos herumsitzen und unsere G\u00e4ste, die das s\u00e4chsische Lebensgef\u00fchl genau erleben wollen, haben daher viele Aktivit\u00e4ten zur Auswahl. Lasst uns zusammen entdecken, was wir im Herzen von Siebenb\u00fcrgen unternehmen&#8230;<\/p>\n","protected":false},"author":1,"featured_media":0,"parent":0,"menu_order":0,"comment_status":"closed","ping_status":"closed","template":"","meta":{"spay_email":""},"yoast_head":"<!-- This site is optimized with the Yoast SEO plugin v18.1 - https:\/\/yoast.com\/wordpress\/plugins\/seo\/ -->\n<title>Aktivit\u00e4ten - Casa Kraus<\/title>\n<meta name=\"robots\" content=\"noindex, follow, max-snippet:-1, max-image-preview:large, max-video-preview:-1\" \/>\n<meta property=\"og:locale\" content=\"de_DE\" \/>\n<meta property=\"og:type\" content=\"article\" \/>\n<meta property=\"og:title\" content=\"Aktivit\u00e4ten - Casa Kraus\" \/>\n<meta property=\"og:description\" content=\"[vc_row row_type=&#8220;row&#8220; use_row_as_full_screen_section=&#8220;no&#8220; type=&#8220;full_width&#8220; oblique_section=&#8220;no&#8220; text_align=&#8220;left&#8220; css_animation=&#8220;&#8220; box_shadow_on_row=&#8220;no&#8220;][vc_column][vc_column_text] Die Sachsen sind flei\u00dfige Menschen, die nicht gerne tatenlos herumsitzen und unsere G\u00e4ste, die das s\u00e4chsische Lebensgef\u00fchl genau erleben wollen, haben daher viele Aktivit\u00e4ten zur Auswahl. Lasst uns zusammen entdecken, was wir im Herzen von Siebenb\u00fcrgen unternehmen...\" \/>\n<meta property=\"og:url\" content=\"https:\/\/dev.casa-kraus.ro\/de\/activitaten\/\" \/>\n<meta property=\"og:site_name\" content=\"Casa Kraus\" \/>\n<meta property=\"article:publisher\" content=\"https:\/\/www.facebook.com\/casakrauscrit\/\" \/>\n<meta property=\"article:modified_time\" content=\"2022-03-10T13:57:51+00:00\" \/>\n<meta property=\"og:image\" content=\"https:\/\/dev.casa-kraus.ro\/wp-content\/uploads\/2022\/03\/lichiu-1-1.jpg\" \/>\n<meta name=\"twitter:card\" content=\"summary\" \/>\n<meta name=\"twitter:label1\" content=\"Gesch\u00e4tzte Lesezeit\" \/>\n\t<meta name=\"twitter:data1\" content=\"2 Minuten\" \/>\n<script type=\"application\/ld+json\" class=\"yoast-schema-graph\">{\"@context\":\"https:\/\/schema.org\",\"@graph\":[{\"@type\":\"WebSite\",\"@id\":\"https:\/\/dev.casa-kraus.ro\/#website\",\"url\":\"https:\/\/dev.casa-kraus.ro\/\",\"name\":\"Casa Kraus\",\"description\":\"\",\"potentialAction\":[{\"@type\":\"SearchAction\",\"target\":{\"@type\":\"EntryPoint\",\"urlTemplate\":\"https:\/\/dev.casa-kraus.ro\/?s={search_term_string}\"},\"query-input\":\"required name=search_term_string\"}],\"inLanguage\":\"de-DE\"},{\"@type\":\"ImageObject\",\"@id\":\"https:\/\/dev.casa-kraus.ro\/de\/activitaten\/#primaryimage\",\"inLanguage\":\"de-DE\",\"url\":\"https:\/\/dev.casa-kraus.ro\/wp-content\/uploads\/2022\/03\/lichiu-1-1.jpg\",\"contentUrl\":\"https:\/\/dev.casa-kraus.ro\/wp-content\/uploads\/2022\/03\/lichiu-1-1.jpg\",\"width\":1180,\"height\":459},{\"@type\":\"WebPage\",\"@id\":\"https:\/\/dev.casa-kraus.ro\/de\/activitaten\/#webpage\",\"url\":\"https:\/\/dev.casa-kraus.ro\/de\/activitaten\/\",\"name\":\"Aktivit\u00e4ten - Casa Kraus\",\"isPartOf\":{\"@id\":\"https:\/\/dev.casa-kraus.ro\/#website\"},\"primaryImageOfPage\":{\"@id\":\"https:\/\/dev.casa-kraus.ro\/de\/activitaten\/#primaryimage\"},\"datePublished\":\"2022-03-10T08:43:03+00:00\",\"dateModified\":\"2022-03-10T13:57:51+00:00\",\"breadcrumb\":{\"@id\":\"https:\/\/dev.casa-kraus.ro\/de\/activitaten\/#breadcrumb\"},\"inLanguage\":\"de-DE\",\"potentialAction\":[{\"@type\":\"ReadAction\",\"target\":[\"https:\/\/dev.casa-kraus.ro\/de\/activitaten\/\"]}]},{\"@type\":\"BreadcrumbList\",\"@id\":\"https:\/\/dev.casa-kraus.ro\/de\/activitaten\/#breadcrumb\",\"itemListElement\":[{\"@type\":\"ListItem\",\"position\":1,\"name\":\"Home\",\"item\":\"https:\/\/dev.casa-kraus.ro\/de\/\"},{\"@type\":\"ListItem\",\"position\":2,\"name\":\"Aktivit\u00e4ten\"}]}]}<\/script>\n<!-- \/ Yoast SEO plugin. -->","yoast_head_json":{"title":"Aktivit\u00e4ten - Casa Kraus","robots":{"index":"noindex","follow":"follow","max-snippet":"max-snippet:-1","max-image-preview":"max-image-preview:large","max-video-preview":"max-video-preview:-1"},"og_locale":"de_DE","og_type":"article","og_title":"Aktivit\u00e4ten - Casa Kraus","og_description":"[vc_row row_type=&#8220;row&#8220; use_row_as_full_screen_section=&#8220;no&#8220; type=&#8220;full_width&#8220; oblique_section=&#8220;no&#8220; text_align=&#8220;left&#8220; css_animation=&#8220;&#8220; box_shadow_on_row=&#8220;no&#8220;][vc_column][vc_column_text] Die Sachsen sind flei\u00dfige Menschen, die nicht gerne tatenlos herumsitzen und unsere G\u00e4ste, die das s\u00e4chsische Lebensgef\u00fchl genau erleben wollen, haben daher viele Aktivit\u00e4ten zur Auswahl. Lasst uns zusammen entdecken, was wir im Herzen von Siebenb\u00fcrgen unternehmen...","og_url":"https:\/\/dev.casa-kraus.ro\/de\/activitaten\/","og_site_name":"Casa Kraus","article_publisher":"https:\/\/www.facebook.com\/casakrauscrit\/","article_modified_time":"2022-03-10T13:57:51+00:00","og_image":[{"url":"https:\/\/dev.casa-kraus.ro\/wp-content\/uploads\/2022\/03\/lichiu-1-1.jpg"}],"twitter_card":"summary","twitter_misc":{"Gesch\u00e4tzte Lesezeit":"2 Minuten"},"schema":{"@context":"https:\/\/schema.org","@graph":[{"@type":"WebSite","@id":"https:\/\/dev.casa-kraus.ro\/#website","url":"https:\/\/dev.casa-kraus.ro\/","name":"Casa Kraus","description":"","potentialAction":[{"@type":"SearchAction","target":{"@type":"EntryPoint","urlTemplate":"https:\/\/dev.casa-kraus.ro\/?s={search_term_string}"},"query-input":"required name=search_term_string"}],"inLanguage":"de-DE"},{"@type":"ImageObject","@id":"https:\/\/dev.casa-kraus.ro\/de\/activitaten\/#primaryimage","inLanguage":"de-DE","url":"https:\/\/dev.casa-kraus.ro\/wp-content\/uploads\/2022\/03\/lichiu-1-1.jpg","contentUrl":"https:\/\/dev.casa-kraus.ro\/wp-content\/uploads\/2022\/03\/lichiu-1-1.jpg","width":1180,"height":459},{"@type":"WebPage","@id":"https:\/\/dev.casa-kraus.ro\/de\/activitaten\/#webpage","url":"https:\/\/dev.casa-kraus.ro\/de\/activitaten\/","name":"Aktivit\u00e4ten - Casa Kraus","isPartOf":{"@id":"https:\/\/dev.casa-kraus.ro\/#website"},"primaryImageOfPage":{"@id":"https:\/\/dev.casa-kraus.ro\/de\/activitaten\/#primaryimage"},"datePublished":"2022-03-10T08:43:03+00:00","dateModified":"2022-03-10T13:57:51+00:00","breadcrumb":{"@id":"https:\/\/dev.casa-kraus.ro\/de\/activitaten\/#breadcrumb"},"inLanguage":"de-DE","potentialAction":[{"@type":"ReadAction","target":["https:\/\/dev.casa-kraus.ro\/de\/activitaten\/"]}]},{"@type":"BreadcrumbList","@id":"https:\/\/dev.casa-kraus.ro\/de\/activitaten\/#breadcrumb","itemListElement":[{"@type":"ListItem","position":1,"name":"Home","item":"https:\/\/dev.casa-kraus.ro\/de\/"},{"@type":"ListItem","position":2,"name":"Aktivit\u00e4ten"}]}]}},"jetpack_sharing_enabled":true,"jetpack_shortlink":"https:\/\/wp.me\/P70qVL-drf","jetpack-related-posts":[],"_links":{"self":[{"href":"https:\/\/dev.casa-kraus.ro\/de\/wp-json\/wp\/v2\/pages\/51661"}],"collection":[{"href":"https:\/\/dev.casa-kraus.ro\/de\/wp-json\/wp\/v2\/pages"}],"about":[{"href":"https:\/\/dev.casa-kraus.ro\/de\/wp-json\/wp\/v2\/types\/page"}],"author":[{"embeddable":true,"href":"https:\/\/dev.casa-kraus.ro\/de\/wp-json\/wp\/v2\/users\/1"}],"replies":[{"embeddable":true,"href":"https:\/\/dev.casa-kraus.ro\/de\/wp-json\/wp\/v2\/comments?post=51661"}],"version-history":[{"count":3,"href":"https:\/\/dev.casa-kraus.ro\/de\/wp-json\/wp\/v2\/pages\/51661\/revisions"}],"predecessor-version":[{"id":51679,"href":"https:\/\/dev.casa-kraus.ro\/de\/wp-json\/wp\/v2\/pages\/51661\/revisions\/51679"}],"wp:attachment":[{"href":"https:\/\/dev.casa-kraus.ro\/de\/wp-json\/wp\/v2\/media?parent=51661"}],"curies":[{"name":"wp","href":"https:\/\/api.w.org\/{rel}","templated":true}]}}