{"id":51509,"date":"2016-02-22T12:25:05","date_gmt":"2016-02-22T12:25:05","guid":{"rendered":"https:\/\/dev.casa-kraus.ro\/camera-8-carl-wolff\/"},"modified":"2022-03-10T13:58:06","modified_gmt":"2022-03-10T13:58:06","slug":"zimmer-8-carl-wolff","status":"publish","type":"page","link":"https:\/\/dev.casa-kraus.ro\/de\/zimmer-8-carl-wolff\/","title":{"rendered":"Carl Wolff"},"content":{"rendered":"<p>[vc_row row_type=&#8220;row&#8220; use_row_as_full_screen_section=&#8220;no&#8220; type=&#8220;full_width&#8220; oblique_section=&#8220;no&#8220; text_align=&#8220;left&#8220; css_animation=&#8220;&#8220; box_shadow_on_row=&#8220;no&#8220;][vc_column][vc_column_text]<\/p>\n<p style=\"text-align: center;\"><strong>Zimmer 8 \u2013 Carl Wolff<\/strong><\/p>\n<p>Carl Wolff war ein s\u00e4chsischer\u00a0Volkswirt, Journalist und Politiker aus Siebenb\u00fcrgen. Er war au\u00dferdem Direktor der Hermannst\u00e4dter Allgemeinen Sparkasse, aber paradoxerweise wurde in dem Zimmer das Ihm gewidmet ist,\u00a0 nicht\u00a0 Raum\u00f6konomie gemacht. Dies ist eines der gr\u00f6\u00dften Zimmer in der Pension und Familien mit einem oder zwei Kinder werden genug Platz haben um zusammen Zeit zu verbringen, sogar an Regentagen.<\/p>\n<p style=\"text-align: center;\">Finden Sie Preise und Verf\u00fcgbarkeit\u00a0<a href=\"https:\/\/www.casa-kraus.ro\/de\/reservierung\/\">hier<\/a>!<\/p>\n<p style=\"text-align: center;\"><a href=\"https:\/\/dev.casa-kraus.ro\/rezerva\/\"><img data-attachment-id=\"51685\" data-permalink=\"https:\/\/dev.casa-kraus.ro\/de\/zimmer-8-carl-wolff\/rezerva-de\/\" data-orig-file=\"https:\/\/dev.casa-kraus.ro\/wp-content\/uploads\/2022\/03\/rezerva-DE.jpg\" data-orig-size=\"400,100\" data-comments-opened=\"1\" data-image-meta=\"{&quot;aperture&quot;:&quot;0&quot;,&quot;credit&quot;:&quot;&quot;,&quot;camera&quot;:&quot;&quot;,&quot;caption&quot;:&quot;&quot;,&quot;created_timestamp&quot;:&quot;0&quot;,&quot;copyright&quot;:&quot;&quot;,&quot;focal_length&quot;:&quot;0&quot;,&quot;iso&quot;:&quot;0&quot;,&quot;shutter_speed&quot;:&quot;0&quot;,&quot;title&quot;:&quot;&quot;,&quot;orientation&quot;:&quot;0&quot;}\" data-image-title=\"rezerva-DE\" data-image-description=\"\" data-image-caption=\"\" data-medium-file=\"https:\/\/dev.casa-kraus.ro\/wp-content\/uploads\/2022\/03\/rezerva-DE.jpg\" data-large-file=\"https:\/\/dev.casa-kraus.ro\/wp-content\/uploads\/2022\/03\/rezerva-DE.jpg\" loading=\"lazy\" class=\"alignnone size-full wp-image-51685\" src=\"https:\/\/dev.casa-kraus.ro\/wp-content\/uploads\/2022\/03\/rezerva-DE.jpg\" alt=\"\" width=\"400\" height=\"100\" \/><\/a><\/p>\n<p>[\/vc_column_text][\/vc_column][\/vc_row][vc_row row_type=&#8220;row&#8220; use_row_as_full_screen_section=&#8220;no&#8220; type=&#8220;full_width&#8220; oblique_section=&#8220;no&#8220; text_align=&#8220;left&#8220; padding_top=&#8220;20&#8243; css_animation=&#8220;&#8220; box_shadow_on_row=&#8220;no&#8220;][vc_column][vc_gallery type=&#8220;image_grid&#8220; images=&#8220;51037,51036,51035,51034,51033&#8243; img_size=&#8220;full&#8220; column_number=&#8220;2&#8243; grayscale=&#8220;no&#8220; hover_icon=&#8220;none&#8220; images_space=&#8220;gallery_with_space&#8220;][\/vc_column][\/vc_row][vc_row row_type=&#8220;row&#8220; use_row_as_full_screen_section=&#8220;no&#8220; type=&#8220;full_width&#8220; oblique_section=&#8220;no&#8220; text_align=&#8220;left&#8220; css_animation=&#8220;&#8220; box_shadow_on_row=&#8220;no&#8220;][vc_column][vc_empty_space height=&#8220;30px&#8220; image_repeat=&#8220;no-repeat&#8220;][\/vc_column][\/vc_row]<\/p>\n","protected":false},"excerpt":{"rendered":"<p>[vc_row row_type=&#8220;row&#8220; use_row_as_full_screen_section=&#8220;no&#8220; type=&#8220;full_width&#8220; oblique_section=&#8220;no&#8220; text_align=&#8220;left&#8220; css_animation=&#8220;&#8220; box_shadow_on_row=&#8220;no&#8220;][vc_column][vc_column_text] Zimmer 8 \u2013 Carl Wolff Carl Wolff war ein s\u00e4chsischer\u00a0Volkswirt, Journalist und Politiker aus Siebenb\u00fcrgen. Er war au\u00dferdem Direktor der Hermannst\u00e4dter Allgemeinen Sparkasse, aber paradoxerweise wurde in dem Zimmer das Ihm gewidmet ist,\u00a0 nicht\u00a0 Raum\u00f6konomie gemacht. Dies&#8230;<\/p>\n","protected":false},"author":1,"featured_media":0,"parent":0,"menu_order":0,"comment_status":"closed","ping_status":"closed","template":"","meta":{"spay_email":""},"yoast_head":"<!-- This site is optimized with the Yoast SEO plugin v18.1 - https:\/\/yoast.com\/wordpress\/plugins\/seo\/ -->\n<title>Carl Wolff - Casa Kraus<\/title>\n<meta name=\"robots\" content=\"noindex, follow, max-snippet:-1, max-image-preview:large, max-video-preview:-1\" \/>\n<meta property=\"og:locale\" content=\"de_DE\" \/>\n<meta property=\"og:type\" content=\"article\" \/>\n<meta property=\"og:title\" content=\"Carl Wolff - Casa Kraus\" \/>\n<meta property=\"og:description\" content=\"[vc_row row_type=&#8220;row&#8220; use_row_as_full_screen_section=&#8220;no&#8220; type=&#8220;full_width&#8220; oblique_section=&#8220;no&#8220; text_align=&#8220;left&#8220; css_animation=&#8220;&#8220; box_shadow_on_row=&#8220;no&#8220;][vc_column][vc_column_text] Zimmer 8 \u2013 Carl Wolff Carl Wolff war ein s\u00e4chsischer\u00a0Volkswirt, Journalist und Politiker aus Siebenb\u00fcrgen. Er war au\u00dferdem Direktor der Hermannst\u00e4dter Allgemeinen Sparkasse, aber paradoxerweise wurde in dem Zimmer das Ihm gewidmet ist,\u00a0 nicht\u00a0 Raum\u00f6konomie gemacht. Dies...\" \/>\n<meta property=\"og:url\" content=\"https:\/\/dev.casa-kraus.ro\/de\/zimmer-8-carl-wolff\/\" \/>\n<meta property=\"og:site_name\" content=\"Casa Kraus\" \/>\n<meta property=\"article:publisher\" content=\"https:\/\/www.facebook.com\/casakrauscrit\/\" \/>\n<meta property=\"article:modified_time\" content=\"2022-03-10T13:58:06+00:00\" \/>\n<meta property=\"og:image\" content=\"https:\/\/dev.casa-kraus.ro\/wp-content\/uploads\/2022\/03\/rezerva-DE.jpg\" \/>\n<meta name=\"twitter:card\" content=\"summary\" \/>\n<meta name=\"twitter:label1\" content=\"Gesch\u00e4tzte Lesezeit\" \/>\n\t<meta name=\"twitter:data1\" content=\"1 Minute\" \/>\n<script type=\"application\/ld+json\" class=\"yoast-schema-graph\">{\"@context\":\"https:\/\/schema.org\",\"@graph\":[{\"@type\":\"WebSite\",\"@id\":\"https:\/\/dev.casa-kraus.ro\/#website\",\"url\":\"https:\/\/dev.casa-kraus.ro\/\",\"name\":\"Casa Kraus\",\"description\":\"\",\"potentialAction\":[{\"@type\":\"SearchAction\",\"target\":{\"@type\":\"EntryPoint\",\"urlTemplate\":\"https:\/\/dev.casa-kraus.ro\/?s={search_term_string}\"},\"query-input\":\"required name=search_term_string\"}],\"inLanguage\":\"de-DE\"},{\"@type\":\"ImageObject\",\"@id\":\"https:\/\/dev.casa-kraus.ro\/de\/zimmer-8-carl-wolff\/#primaryimage\",\"inLanguage\":\"de-DE\",\"url\":\"https:\/\/dev.casa-kraus.ro\/wp-content\/uploads\/2022\/03\/rezerva-DE.jpg\",\"contentUrl\":\"https:\/\/dev.casa-kraus.ro\/wp-content\/uploads\/2022\/03\/rezerva-DE.jpg\",\"width\":400,\"height\":100},{\"@type\":\"WebPage\",\"@id\":\"https:\/\/dev.casa-kraus.ro\/de\/zimmer-8-carl-wolff\/#webpage\",\"url\":\"https:\/\/dev.casa-kraus.ro\/de\/zimmer-8-carl-wolff\/\",\"name\":\"Carl Wolff - Casa Kraus\",\"isPartOf\":{\"@id\":\"https:\/\/dev.casa-kraus.ro\/#website\"},\"primaryImageOfPage\":{\"@id\":\"https:\/\/dev.casa-kraus.ro\/de\/zimmer-8-carl-wolff\/#primaryimage\"},\"datePublished\":\"2016-02-22T12:25:05+00:00\",\"dateModified\":\"2022-03-10T13:58:06+00:00\",\"breadcrumb\":{\"@id\":\"https:\/\/dev.casa-kraus.ro\/de\/zimmer-8-carl-wolff\/#breadcrumb\"},\"inLanguage\":\"de-DE\",\"potentialAction\":[{\"@type\":\"ReadAction\",\"target\":[\"https:\/\/dev.casa-kraus.ro\/de\/zimmer-8-carl-wolff\/\"]}]},{\"@type\":\"BreadcrumbList\",\"@id\":\"https:\/\/dev.casa-kraus.ro\/de\/zimmer-8-carl-wolff\/#breadcrumb\",\"itemListElement\":[{\"@type\":\"ListItem\",\"position\":1,\"name\":\"Home\",\"item\":\"https:\/\/dev.casa-kraus.ro\/de\/\"},{\"@type\":\"ListItem\",\"position\":2,\"name\":\"Carl Wolff\"}]}]}<\/script>\n<!-- \/ Yoast SEO plugin. -->","yoast_head_json":{"title":"Carl Wolff - Casa Kraus","robots":{"index":"noindex","follow":"follow","max-snippet":"max-snippet:-1","max-image-preview":"max-image-preview:large","max-video-preview":"max-video-preview:-1"},"og_locale":"de_DE","og_type":"article","og_title":"Carl Wolff - Casa Kraus","og_description":"[vc_row row_type=&#8220;row&#8220; use_row_as_full_screen_section=&#8220;no&#8220; type=&#8220;full_width&#8220; oblique_section=&#8220;no&#8220; text_align=&#8220;left&#8220; css_animation=&#8220;&#8220; box_shadow_on_row=&#8220;no&#8220;][vc_column][vc_column_text] Zimmer 8 \u2013 Carl Wolff Carl Wolff war ein s\u00e4chsischer\u00a0Volkswirt, Journalist und Politiker aus Siebenb\u00fcrgen. Er war au\u00dferdem Direktor der Hermannst\u00e4dter Allgemeinen Sparkasse, aber paradoxerweise wurde in dem Zimmer das Ihm gewidmet ist,\u00a0 nicht\u00a0 Raum\u00f6konomie gemacht. Dies...","og_url":"https:\/\/dev.casa-kraus.ro\/de\/zimmer-8-carl-wolff\/","og_site_name":"Casa Kraus","article_publisher":"https:\/\/www.facebook.com\/casakrauscrit\/","article_modified_time":"2022-03-10T13:58:06+00:00","og_image":[{"url":"https:\/\/dev.casa-kraus.ro\/wp-content\/uploads\/2022\/03\/rezerva-DE.jpg"}],"twitter_card":"summary","twitter_misc":{"Gesch\u00e4tzte Lesezeit":"1 Minute"},"schema":{"@context":"https:\/\/schema.org","@graph":[{"@type":"WebSite","@id":"https:\/\/dev.casa-kraus.ro\/#website","url":"https:\/\/dev.casa-kraus.ro\/","name":"Casa Kraus","description":"","potentialAction":[{"@type":"SearchAction","target":{"@type":"EntryPoint","urlTemplate":"https:\/\/dev.casa-kraus.ro\/?s={search_term_string}"},"query-input":"required name=search_term_string"}],"inLanguage":"de-DE"},{"@type":"ImageObject","@id":"https:\/\/dev.casa-kraus.ro\/de\/zimmer-8-carl-wolff\/#primaryimage","inLanguage":"de-DE","url":"https:\/\/dev.casa-kraus.ro\/wp-content\/uploads\/2022\/03\/rezerva-DE.jpg","contentUrl":"https:\/\/dev.casa-kraus.ro\/wp-content\/uploads\/2022\/03\/rezerva-DE.jpg","width":400,"height":100},{"@type":"WebPage","@id":"https:\/\/dev.casa-kraus.ro\/de\/zimmer-8-carl-wolff\/#webpage","url":"https:\/\/dev.casa-kraus.ro\/de\/zimmer-8-carl-wolff\/","name":"Carl Wolff - Casa Kraus","isPartOf":{"@id":"https:\/\/dev.casa-kraus.ro\/#website"},"primaryImageOfPage":{"@id":"https:\/\/dev.casa-kraus.ro\/de\/zimmer-8-carl-wolff\/#primaryimage"},"datePublished":"2016-02-22T12:25:05+00:00","dateModified":"2022-03-10T13:58:06+00:00","breadcrumb":{"@id":"https:\/\/dev.casa-kraus.ro\/de\/zimmer-8-carl-wolff\/#breadcrumb"},"inLanguage":"de-DE","potentialAction":[{"@type":"ReadAction","target":["https:\/\/dev.casa-kraus.ro\/de\/zimmer-8-carl-wolff\/"]}]},{"@type":"BreadcrumbList","@id":"https:\/\/dev.casa-kraus.ro\/de\/zimmer-8-carl-wolff\/#breadcrumb","itemListElement":[{"@type":"ListItem","position":1,"name":"Home","item":"https:\/\/dev.casa-kraus.ro\/de\/"},{"@type":"ListItem","position":2,"name":"Carl Wolff"}]}]}},"jetpack_sharing_enabled":true,"jetpack_shortlink":"https:\/\/wp.me\/P70qVL-doN","jetpack-related-posts":[],"_links":{"self":[{"href":"https:\/\/dev.casa-kraus.ro\/de\/wp-json\/wp\/v2\/pages\/51509"}],"collection":[{"href":"https:\/\/dev.casa-kraus.ro\/de\/wp-json\/wp\/v2\/pages"}],"about":[{"href":"https:\/\/dev.casa-kraus.ro\/de\/wp-json\/wp\/v2\/types\/page"}],"author":[{"embeddable":true,"href":"https:\/\/dev.casa-kraus.ro\/de\/wp-json\/wp\/v2\/users\/1"}],"replies":[{"embeddable":true,"href":"https:\/\/dev.casa-kraus.ro\/de\/wp-json\/wp\/v2\/comments?post=51509"}],"version-history":[{"count":3,"href":"https:\/\/dev.casa-kraus.ro\/de\/wp-json\/wp\/v2\/pages\/51509\/revisions"}],"predecessor-version":[{"id":51688,"href":"https:\/\/dev.casa-kraus.ro\/de\/wp-json\/wp\/v2\/pages\/51509\/revisions\/51688"}],"wp:attachment":[{"href":"https:\/\/dev.casa-kraus.ro\/de\/wp-json\/wp\/v2\/media?parent=51509"}],"curies":[{"name":"wp","href":"https:\/\/api.w.org\/{rel}","templated":true}]}}